{"id":133,"date":"2020-10-26T21:33:02","date_gmt":"2020-10-26T21:33:02","guid":{"rendered":"https:\/\/larsnordvall.se\/?page_id=133"},"modified":"2026-03-01T12:00:57","modified_gmt":"2026-03-01T12:00:57","slug":"kontakt-susanne-nordvall-perstad","status":"publish","type":"page","link":"https:\/\/larsnordvall.se\/en\/kontakt-susanne-nordvall-perstad\/","title":{"rendered":"Kontakt"},"content":{"rendered":"<section class=\"wp-block-uagb-section uagb-section__wrap uagb-section__background-image uagb-block-059fea1e-a68f-4795-ae89-562b655eb579\">\r\n<div class=\"uagb-section__inner-wrap\">\r\n<div id=\"uagb-adv-heading-964d5210-9b2e-4a1f-8a65-54f5537a101a\" class=\"wp-block-uagb-advanced-heading uagb-block-97bf4c58-989a-4801-a708-257ca7475856\">\r\n<h1 class=\"uagb-heading-text\">KONTAKT<\/h1>\r\n<p class=\"uagb-desc-text\">Kontakta mig g\u00e4rna om du \u00e4r l\u00e5ngv\u00e4ga sl\u00e4kt eller om du har n\u00e5gon intressant information som du vill dela med dig av.<\/p>\r\n<p>Allt av intresse.<\/p>\r\n<\/div>\r\n<!-- \/wp:post-content --><\/div>\r\n<\/section>\r\n<!-- \/wp:uagb\/section -->\r\n\r\n<!-- wp:uagb\/section {\"classMigrate\":true,\"block_id\":\"cc50c42b-6cae-420d-a19b-6e464f738d1c\",\"topPadding\":150,\"bottomPadding\":100,\"topPaddingMobile\":80,\"bottomPaddingMobile\":80,\"contentWidth\":\"full_width\",\"themeWidth\":true} -->\r\n<section class=\"wp-block-uagb-section uagb-section__wrap uagb-section__background-undefined uagb-block-cc50c42b-6cae-420d-a19b-6e464f738d1c\">\r\n<div class=\"uagb-section__overlay\">\u00a0<\/div>\r\n<div class=\"uagb-section__inner-wrap\"><!-- wp:columns {\"className\":\"has-2-columns\"} -->\r\n<div class=\"wp-block-columns has-2-columns\"><!-- wp:column -->\r\n<div class=\"wp-block-column\"><!-- wp:uagb\/advanced-heading {\"block_id\":\"abdb666f-69a9-4e35-83fe-dfd95539c03b\",\"classMigrate\":true,\"headingAlign\":\"left\",\"headingColor\":\"#011627\",\"subHeadingColor\":\"#011627\",\"seperatorStyle\":\"none\",\"headFontSizeTablet\":30,\"headFontSizeMobile\":25} -->\r\n<div id=\"uagb-adv-heading-d9cee17b-e569-46b7-b8e2-d2d9bac8e8be\" class=\"wp-block-uagb-advanced-heading uagb-block-abdb666f-69a9-4e35-83fe-dfd95539c03b\">\r\n<h2 class=\"uagb-heading-text\">Kontakt<\/h2>\r\n<p class=\"uagb-desc-text\"><strong>Susanne Nordvall Perstad<\/strong><\/p>\r\n<\/div>\r\n<!-- \/wp:uagb\/advanced-heading -->\r\n\r\n<!-- wp:spacer {\"height\":40} -->\r\n<div class=\"wp-block-spacer\" style=\"height: 40px;\" aria-hidden=\"true\"><strong>Email:<\/strong> <a href=\"mailto:susperstad@gmail.com\">susperstad@gmail.com<\/a><\/div>\r\n<!-- \/wp:uagb\/icon-list -->\r\n\r\n<!-- wp:spacer {\"height\":30} -->\r\n<div class=\"wp-block-spacer\" style=\"height: 30px;\" aria-hidden=\"true\">\u00a0<\/div>\r\n<!-- \/wp:spacer --><\/div>\r\n<!-- \/wp:column -->\r\n\r\n<!-- wp:column -->\r\n<div class=\"wp-block-column\"><!-- wp:shortcode --> <div class=\"wpforms-container wpforms-container-full\" id=\"wpforms-9\"><form id=\"wpforms-form-9\" class=\"wpforms-validate wpforms-form\" data-formid=\"9\" method=\"post\" enctype=\"multipart\/form-data\" action=\"\/en\/wp-json\/wp\/v2\/pages\/133\" data-token=\"9f4e77f7de61d8096d86525fbd953646\" data-token-time=\"1776934302\"><noscript class=\"wpforms-error-noscript\">Please enable JavaScript in your browser to complete this form.<\/noscript><div class=\"wpforms-field-container\"><div id=\"wpforms-9-field_0-container\" class=\"wpforms-field wpforms-field-name\" data-field-id=\"0\"><label class=\"wpforms-field-label\" for=\"wpforms-9-field_0\">Your Name (required) <span class=\"wpforms-required-label\">*<\/span><\/label><input type=\"text\" id=\"wpforms-9-field_0\" class=\"wpforms-field-large wpforms-field-required\" name=\"wpforms[fields][0]\" required><\/div><div id=\"wpforms-9-field_1-container\" class=\"wpforms-field wpforms-field-email\" data-field-id=\"1\"><label class=\"wpforms-field-label\" for=\"wpforms-9-field_1\">Your Email (required) <span class=\"wpforms-required-label\">*<\/span><\/label><input type=\"email\" id=\"wpforms-9-field_1\" class=\"wpforms-field-large wpforms-field-required\" name=\"wpforms[fields][1]\" spellcheck=\"false\" required><\/div><div id=\"wpforms-9-field_4-container\" class=\"wpforms-field wpforms-field-name\" data-field-id=\"4\"><label class=\"wpforms-field-label\" for=\"wpforms-9-field_4\">Subject <span class=\"wpforms-required-label\">*<\/span><\/label><input type=\"text\" id=\"wpforms-9-field_4\" class=\"wpforms-field-large wpforms-field-required\" name=\"wpforms[fields][4]\" required><\/div><div id=\"wpforms-9-field_2-container\" class=\"wpforms-field wpforms-field-textarea\" data-field-id=\"2\"><label class=\"wpforms-field-label\" for=\"wpforms-9-field_2\">Your Message <span class=\"wpforms-required-label\">*<\/span><\/label><textarea id=\"wpforms-9-field_2\" class=\"wpforms-field-medium wpforms-field-required\" name=\"wpforms[fields][2]\" required><\/textarea><\/div><\/div><!-- .wpforms-field-container --><div class=\"wpforms-field wpforms-field-hp\"><label for=\"wpforms-9-field-hp\" class=\"wpforms-field-label\">Email<\/label><input type=\"text\" name=\"wpforms[hp]\" id=\"wpforms-9-field-hp\" class=\"wpforms-field-medium\"><\/div><div class=\"wpforms-submit-container\" ><input type=\"hidden\" name=\"wpforms[id]\" value=\"9\"><input type=\"hidden\" name=\"page_title\" value=\"\"><input type=\"hidden\" name=\"page_url\" value=\"https:\/\/larsnordvall.se\/en\/wp-json\/wp\/v2\/pages\/133\"><input type=\"hidden\" name=\"url_referer\" value=\"\"><button type=\"submit\" name=\"wpforms[submit]\" id=\"wpforms-submit-9\" class=\"wpforms-submit\" data-alt-text=\"Sending...\" data-submit-text=\"Send Message\" aria-live=\"assertive\" value=\"wpforms-submit\">Send Message<\/button><\/div><\/form><\/div>  <!-- .wpforms-container --> <!-- \/wp:shortcode --><\/div>\r\n<!-- \/wp:column --><\/div>\r\n<!-- \/wp:columns --><\/div>\r\n<\/section>\r\n<!-- \/wp:uagb\/section -->\r\n\r\n<!-- wp:uagb\/section {\"classMigrate\":true,\"block_id\":\"31bb39d0-4a7b-491d-9f57-6f45cce82f12\",\"topPadding\":0,\"bottomPadding\":0,\"leftPadding\":0,\"rightPadding\":0,\"contentWidth\":\"full_width\",\"innerWidth\":2000} -->\r\n<section class=\"wp-block-uagb-section uagb-section__wrap uagb-section__background-undefined uagb-block-31bb39d0-4a7b-491d-9f57-6f45cce82f12\">\r\n<div class=\"uagb-section__overlay\">\u00a0<\/div>\r\n<\/section>","protected":false},"excerpt":{"rendered":"<p>KONTAKT Kontakta mig g\u00e4rna om du \u00e4r l\u00e5ngv\u00e4ga sl\u00e4kt eller om du har n\u00e5gon intressant information som du vill dela med dig av. Allt av intresse. \u00a0 Kontakt Susanne Nordvall Perstad Email: susperstad@gmail.com \u00a0 \u00a0<\/p>","protected":false},"author":1,"featured_media":0,"parent":0,"menu_order":0,"comment_status":"closed","ping_status":"closed","template":"","meta":{"_uag_custom_page_level_css":"","wpm_timeformat":"","_wpm_styles":"","footnotes":""},"class_list":["post-133","page","type-page","status-publish","hentry"],"yoast_head":"<!-- This site is optimized with the Yoast SEO plugin v27.4 - https:\/\/yoast.com\/product\/yoast-seo-wordpress\/ -->\n<title>Kontakt - LarsNordvall.se<\/title>\n<meta name=\"description\" content=\"Susanne Nordvall Perstad dotter till Lars Nordvall, Link\u00f6ping. Har du intressant information som du vill dela med dig av, h\u00f6r g\u00e4rna av dig.\" \/>\n<meta name=\"robots\" content=\"index, follow, max-snippet:-1, max-image-preview:large, max-video-preview:-1\" \/>\n<link rel=\"canonical\" href=\"https:\/\/larsnordvall.se\/en\/kontakt-susanne-nordvall-perstad\/\" \/>\n<meta property=\"og:locale\" content=\"en_US\" \/>\n<meta property=\"og:type\" content=\"article\" \/>\n<meta property=\"og:title\" content=\"Kontakt - LarsNordvall.se\" \/>\n<meta property=\"og:description\" content=\"Susanne Nordvall Perstad dotter till Lars Nordvall, Link\u00f6ping. Har du intressant information som du vill dela med dig av, h\u00f6r g\u00e4rna av dig.\" \/>\n<meta property=\"og:url\" content=\"https:\/\/larsnordvall.se\/en\/kontakt-susanne-nordvall-perstad\/\" \/>\n<meta property=\"og:site_name\" content=\"LarsNordvall.se\" \/>\n<meta property=\"article:modified_time\" content=\"2026-03-01T12:00:57+00:00\" \/>\n<meta name=\"twitter:card\" content=\"summary_large_image\" \/>\n<meta name=\"twitter:label1\" content=\"Est. reading time\" \/>\n\t<meta name=\"twitter:data1\" content=\"1 minute\" \/>\n<script type=\"application\/ld+json\" class=\"yoast-schema-graph\">{\"@context\":\"https:\\\/\\\/schema.org\",\"@graph\":[{\"@type\":\"WebPage\",\"@id\":\"https:\\\/\\\/larsnordvall.se\\\/kontakt-susanne-nordvall-perstad\\\/\",\"url\":\"https:\\\/\\\/larsnordvall.se\\\/kontakt-susanne-nordvall-perstad\\\/\",\"name\":\"Kontakt - LarsNordvall.se\",\"isPartOf\":{\"@id\":\"https:\\\/\\\/larsnordvall.se\\\/#website\"},\"datePublished\":\"2020-10-26T21:33:02+00:00\",\"dateModified\":\"2026-03-01T12:00:57+00:00\",\"description\":\"Susanne Nordvall Perstad dotter till Lars Nordvall, Link\u00f6ping. Har du intressant information som du vill dela med dig av, h\u00f6r g\u00e4rna av dig.\",\"breadcrumb\":{\"@id\":\"https:\\\/\\\/larsnordvall.se\\\/kontakt-susanne-nordvall-perstad\\\/#breadcrumb\"},\"inLanguage\":\"en-US\",\"potentialAction\":[{\"@type\":\"ReadAction\",\"target\":[\"https:\\\/\\\/larsnordvall.se\\\/kontakt-susanne-nordvall-perstad\\\/\"]}]},{\"@type\":\"BreadcrumbList\",\"@id\":\"https:\\\/\\\/larsnordvall.se\\\/kontakt-susanne-nordvall-perstad\\\/#breadcrumb\",\"itemListElement\":[{\"@type\":\"ListItem\",\"position\":1,\"name\":\"Hem\",\"item\":\"https:\\\/\\\/larsnordvall.se\\\/\"},{\"@type\":\"ListItem\",\"position\":2,\"name\":\"Kontakt\"}]},{\"@type\":\"WebSite\",\"@id\":\"https:\\\/\\\/larsnordvall.se\\\/#website\",\"url\":\"https:\\\/\\\/larsnordvall.se\\\/\",\"name\":\"LarsNordvall.se\",\"description\":\"Ett Vingslag Tillbaka i Tiden!\",\"potentialAction\":[{\"@type\":\"SearchAction\",\"target\":{\"@type\":\"EntryPoint\",\"urlTemplate\":\"https:\\\/\\\/larsnordvall.se\\\/?s={search_term_string}\"},\"query-input\":{\"@type\":\"PropertyValueSpecification\",\"valueRequired\":true,\"valueName\":\"search_term_string\"}}],\"inLanguage\":\"en-US\"}]}<\/script>\n<!-- \/ Yoast SEO plugin. -->","yoast_head_json":{"title":"Kontakt - LarsNordvall.se","description":"Susanne Nordvall Perstad dotter till Lars Nordvall, Link\u00f6ping. Har du intressant information som du vill dela med dig av, h\u00f6r g\u00e4rna av dig.","robots":{"index":"index","follow":"follow","max-snippet":"max-snippet:-1","max-image-preview":"max-image-preview:large","max-video-preview":"max-video-preview:-1"},"canonical":"https:\/\/larsnordvall.se\/en\/kontakt-susanne-nordvall-perstad\/","og_locale":"en_US","og_type":"article","og_title":"Kontakt - LarsNordvall.se","og_description":"Susanne Nordvall Perstad dotter till Lars Nordvall, Link\u00f6ping. Har du intressant information som du vill dela med dig av, h\u00f6r g\u00e4rna av dig.","og_url":"https:\/\/larsnordvall.se\/en\/kontakt-susanne-nordvall-perstad\/","og_site_name":"LarsNordvall.se","article_modified_time":"2026-03-01T12:00:57+00:00","twitter_card":"summary_large_image","twitter_misc":{"Est. reading time":"1 minute"},"schema":{"@context":"https:\/\/schema.org","@graph":[{"@type":"WebPage","@id":"https:\/\/larsnordvall.se\/kontakt-susanne-nordvall-perstad\/","url":"https:\/\/larsnordvall.se\/kontakt-susanne-nordvall-perstad\/","name":"Kontakt - LarsNordvall.se","isPartOf":{"@id":"https:\/\/larsnordvall.se\/#website"},"datePublished":"2020-10-26T21:33:02+00:00","dateModified":"2026-03-01T12:00:57+00:00","description":"Susanne Nordvall Perstad dotter till Lars Nordvall, Link\u00f6ping. Har du intressant information som du vill dela med dig av, h\u00f6r g\u00e4rna av dig.","breadcrumb":{"@id":"https:\/\/larsnordvall.se\/kontakt-susanne-nordvall-perstad\/#breadcrumb"},"inLanguage":"en-US","potentialAction":[{"@type":"ReadAction","target":["https:\/\/larsnordvall.se\/kontakt-susanne-nordvall-perstad\/"]}]},{"@type":"BreadcrumbList","@id":"https:\/\/larsnordvall.se\/kontakt-susanne-nordvall-perstad\/#breadcrumb","itemListElement":[{"@type":"ListItem","position":1,"name":"Hem","item":"https:\/\/larsnordvall.se\/"},{"@type":"ListItem","position":2,"name":"Kontakt"}]},{"@type":"WebSite","@id":"https:\/\/larsnordvall.se\/#website","url":"https:\/\/larsnordvall.se\/","name":"LarsNordvall.se","description":"Ett Vingslag Tillbaka i Tiden!","potentialAction":[{"@type":"SearchAction","target":{"@type":"EntryPoint","urlTemplate":"https:\/\/larsnordvall.se\/?s={search_term_string}"},"query-input":{"@type":"PropertyValueSpecification","valueRequired":true,"valueName":"search_term_string"}}],"inLanguage":"en-US"}]}},"uagb_featured_image_src":{"full":false,"thumbnail":false,"medium":false,"medium_large":false,"large":false,"1536x1536":false,"2048x2048":false,"trp-custom-language-flag":false,"widget":false,"square":false,"featured":false,"featured_large":false,"extra_large":false,"portfolio":false,"portfolio_small":false,"gallery":false,"magazine":false,"masonry":false,"entry_with_sidebar":false,"entry_without_sidebar":false},"uagb_author_info":{"display_name":"larsnordvall.se","author_link":"https:\/\/larsnordvall.se\/en\/author\/larsnordvall-se\/"},"uagb_comment_info":0,"uagb_excerpt":"KONTAKT Kontakta mig g\u00e4rna om du \u00e4r l\u00e5ngv\u00e4ga sl\u00e4kt eller om du har n\u00e5gon intressant information som du vill dela med dig av. Allt av intresse. \u00a0 Kontakt Susanne Nordvall Perstad Email: susperstad@gmail.com \u00a0 \u00a0","_links":{"self":[{"href":"https:\/\/larsnordvall.se\/en\/wp-json\/wp\/v2\/pages\/133","targetHints":{"allow":["GET"]}}],"collection":[{"href":"https:\/\/larsnordvall.se\/en\/wp-json\/wp\/v2\/pages"}],"about":[{"href":"https:\/\/larsnordvall.se\/en\/wp-json\/wp\/v2\/types\/page"}],"author":[{"embeddable":true,"href":"https:\/\/larsnordvall.se\/en\/wp-json\/wp\/v2\/users\/1"}],"replies":[{"embeddable":true,"href":"https:\/\/larsnordvall.se\/en\/wp-json\/wp\/v2\/comments?post=133"}],"version-history":[{"count":6,"href":"https:\/\/larsnordvall.se\/en\/wp-json\/wp\/v2\/pages\/133\/revisions"}],"predecessor-version":[{"id":4994,"href":"https:\/\/larsnordvall.se\/en\/wp-json\/wp\/v2\/pages\/133\/revisions\/4994"}],"wp:attachment":[{"href":"https:\/\/larsnordvall.se\/en\/wp-json\/wp\/v2\/media?parent=133"}],"curies":[{"name":"wp","href":"https:\/\/api.w.org\/{rel}","templated":true}]}}