{"id":4185,"date":"2022-02-10T15:56:25","date_gmt":"2022-02-10T15:56:25","guid":{"rendered":"https:\/\/larsnordvall.se\/albert-cederqvist\/"},"modified":"2024-10-14T18:20:00","modified_gmt":"2024-10-14T18:20:00","slug":"albert-cederqvist","status":"publish","type":"page","link":"https:\/\/larsnordvall.se\/en\/albert-cederqvist\/","title":{"rendered":"Albert Cederqvist"},"content":{"rendered":"<div class=\"flex_column av_one_full  flex_column_div av-zero-column-padding first  avia-builder-el-0  el_before_av_one_half  avia-builder-el-first\" style='border-radius:0px; '><section class=\"av_textblock_section\"  itemscope=\"itemscope\" itemtype=\"https:\/\/schema.org\/CreativeWork\" ><div class='avia_textblock'   itemprop=\"text\" ><h2><img loading=\"lazy\" decoding=\"async\" class=\"alignnone size-full wp-image-4528\" src=\"http:\/\/media.larsnordvall.se\/2024\/10\/albert_banner.jpg\" alt=\"\" width=\"1000\" height=\"180\" srcset=\"http:\/\/media.larsnordvall.se\/2024\/10\/albert_banner.jpg 1000w, http:\/\/media.larsnordvall.se\/2024\/10\/albert_banner-300x54.jpg 300w, http:\/\/media.larsnordvall.se\/2024\/10\/albert_banner-768x138.jpg 768w, http:\/\/media.larsnordvall.se\/2024\/10\/albert_banner-18x3.jpg 18w, http:\/\/media.larsnordvall.se\/2024\/10\/albert_banner-705x127.jpg 705w\" sizes=\"auto, (max-width: 1000px) 100vw, 1000px\" \/><\/h2>\n<h2 style=\"text-align: center;\"><strong>Albert Cederqvist\u00a0 &#8211;\u00a0 \u00a0<\/strong>94 \u00e5r<\/h2>\n<h4 style=\"text-align: center;\">F\u00f6dd: 17 december 1874<\/h4>\n<h4 style=\"text-align: center;\">D\u00f6d: 28 februari 1968<\/h4>\n<\/div><\/section><\/div>\n<div class=\"flex_column av_one_half  flex_column_div av-zero-column-padding first  avia-builder-el-2  el_after_av_one_full  el_before_av_one_half  column-top-margin\" style='border-radius:0px; '><section class=\"av_textblock_section\"  itemscope=\"itemscope\" itemtype=\"https:\/\/schema.org\/CreativeWork\" ><div class='avia_textblock'   itemprop=\"text\" ><p>Kalle T\u00f6rnqvist som var gift med Elin Cederqvists yngsta dotter Gull tr\u00e4ffade Albert vid ett flertal tillf\u00e4llen ber\u00e4ttar att Albert Cederqvist ville vara lite f\u00f6r mera \u00e4n andra. Han arbetade som kusk p\u00e5 Sturefors Slott och han la sig till med samma dialekt som herrskapet. Han blev \u00e4ven k\u00e4nd f\u00f6r sin l\u00e5nga, m\u00f6rkbruna l\u00e4derrock med slits baktill som han hade i sitt arbete som kusk. Albert var en glad pratsam prick, alltid med ett leende p\u00e5 l\u00e4pparna. Mormor Sonja \u00a0syster till Gull ber\u00e4ttade hur han sittande p\u00e5 en stol i k\u00f6ket spelade dragspel n\u00e4r hon kom p\u00e5 bes\u00f6k.<\/p>\n<\/div><\/section><\/div>\n<div class=\"flex_column av_one_half  flex_column_div av-zero-column-padding   avia-builder-el-4  el_after_av_one_half  el_before_av_one_half  column-top-margin\" style='border-radius:0px; '><section class=\"av_textblock_section\"  itemscope=\"itemscope\" itemtype=\"https:\/\/schema.org\/CreativeWork\" ><div class='avia_textblock'   itemprop=\"text\" ><p><img loading=\"lazy\" decoding=\"async\" class=\"alignnone size-full wp-image-4334\" src=\"http:\/\/media.larsnordvall.se\/2024\/03\/Albert.jpg\" alt=\"\" width=\"237\" height=\"231\" srcset=\"http:\/\/media.larsnordvall.se\/2024\/03\/Albert.jpg 237w, http:\/\/media.larsnordvall.se\/2024\/03\/Albert-12x12.jpg 12w, http:\/\/media.larsnordvall.se\/2024\/03\/Albert-36x36.jpg 36w\" sizes=\"auto, (max-width: 237px) 100vw, 237px\" \/><\/p>\n<p><img loading=\"lazy\" decoding=\"async\" class=\"alignnone size-full wp-image-4444\" src=\"http:\/\/media.larsnordvall.se\/2024\/10\/Albert-Cederqvist_sign.jpg\" alt=\"\" width=\"179\" height=\"44\" srcset=\"http:\/\/media.larsnordvall.se\/2024\/10\/Albert-Cederqvist_sign.jpg 179w, http:\/\/media.larsnordvall.se\/2024\/10\/Albert-Cederqvist_sign-18x4.jpg 18w\" sizes=\"auto, (max-width: 179px) 100vw, 179px\" \/><\/p>\n<\/div><\/section><\/div>\n<div class=\"flex_column av_one_half  flex_column_div av-zero-column-padding first  avia-builder-el-6  el_after_av_one_half  el_before_av_one_half  column-top-margin\" style='border-radius:0px; '><section class=\"av_textblock_section\"  itemscope=\"itemscope\" itemtype=\"https:\/\/schema.org\/CreativeWork\" ><div class='avia_textblock'   itemprop=\"text\" ><p><img loading=\"lazy\" decoding=\"async\" class=\"alignnone size-medium wp-image-4445\" src=\"http:\/\/media.larsnordvall.se\/2024\/10\/Albert-o-Anna-198x300.jpg\" alt=\"\" width=\"198\" height=\"300\" srcset=\"http:\/\/media.larsnordvall.se\/2024\/10\/Albert-o-Anna-198x300.jpg 198w, http:\/\/media.larsnordvall.se\/2024\/10\/Albert-o-Anna-8x12.jpg 8w, http:\/\/media.larsnordvall.se\/2024\/10\/Albert-o-Anna.jpg 350w\" sizes=\"auto, (max-width: 198px) 100vw, 198px\" \/><\/p>\n<p><em>Albert och hans fru Anna<\/em><\/p>\n<\/div><\/section><\/div>\n<div class=\"flex_column av_one_half  flex_column_div av-zero-column-padding   avia-builder-el-8  el_after_av_one_half  el_before_av_one_full  column-top-margin\" style='border-radius:0px; '><section class=\"av_textblock_section\"  itemscope=\"itemscope\" itemtype=\"https:\/\/schema.org\/CreativeWork\" ><div class='avia_textblock'   itemprop=\"text\" ><p>Albert \u00a0gifte sig med Anna Charlotta Johansson. Anna var f\u00f6dd den 9 november 1872 i R\u00f6k, hon var tv\u00e5 \u00e5r \u00e4ldre \u00e4n Albert och dom fick aldrig n\u00e5gra barn. Albert och Anna flyttade in p\u00e5 Jordstorp n\u00e4r hans pappa Carl Axel beh\u00f6vde hj\u00e4lp med jordbruket. Alberts fru Anna blev k\u00e4nd f\u00f6r sin vassa tunga. Det var hon som best\u00e4mde i huset, och hon var inte sn\u00e4ll mot Lovisa och Carl Axel.<\/p>\n<p>Efter att Alberts pappa Carl Axel g\u00e5tt bort 1911 tar Albert, \u00a0nu 37 \u00e5r \u00f6ver g\u00e5rden . Enligt Wist Lifsmedelsn\u00e4mnd hade Jordstorp 1917, \u00a013 ha mark, 4 h\u00e4star, 11 kossor och 3 grisar. Det fanns fyra personer registrerade p\u00e5 g\u00e5rden vilka m\u00e5ste ha varit Albert, Anna, Lovisa &#8211; Alberts mamma och dr\u00e4ngen.<\/p>\n<\/div><\/section><\/div>\n<div class=\"flex_column av_one_full  flex_column_div av-zero-column-padding first  avia-builder-el-10  el_after_av_one_half  el_before_av_one_half  column-top-margin\" style='border-radius:0px; '><section class=\"av_textblock_section\"  itemscope=\"itemscope\" itemtype=\"https:\/\/schema.org\/CreativeWork\" ><div class='avia_textblock'   itemprop=\"text\" ><p>Albert spenderade mer \u00e4n vad han hade tillg\u00e5ngar till och var inte s\u00e5 glad f\u00f6r det h\u00e5rda arbetet som jordbruket kr\u00e4vde. Han hade en anst\u00e4lld dr\u00e4ng som hj\u00e4lp. Fr\u00e5n 1929 till 1934 betalade Albert inte arrendet 325 kr\/\u00e5r till Greve Thure-Gabriel Bielke. Greven f\u00f6rsatte Albert i konkurs den 28 februari 1934 och all l\u00f6segendom auktionerades bort. D\u00e4refter hyrde Albert och Anna torpet L\u00f6ten av Greve Thure-Gabriel \u00a0Bielke.<\/p>\n<\/div><\/section><\/div>\n<div class=\"flex_column av_one_half  flex_column_div av-zero-column-padding first  avia-builder-el-12  el_after_av_one_full  el_before_av_one_half  column-top-margin\" style='border-radius:0px; '><section class=\"av_textblock_section\"  itemscope=\"itemscope\" itemtype=\"https:\/\/schema.org\/CreativeWork\" ><div class='avia_textblock'   itemprop=\"text\" ><p><img loading=\"lazy\" decoding=\"async\" class=\"alignnone size-full wp-image-4447\" src=\"http:\/\/media.larsnordvall.se\/2024\/10\/loten1.jpg\" alt=\"\" width=\"300\" height=\"225\" srcset=\"http:\/\/media.larsnordvall.se\/2024\/10\/loten1.jpg 300w, http:\/\/media.larsnordvall.se\/2024\/10\/loten1-16x12.jpg 16w\" sizes=\"auto, (max-width: 300px) 100vw, 300px\" \/><\/p>\n<p><strong>L\u00f6ten<\/strong>, <strong>Sturefors<\/strong><br \/>\n<em>Foto: Anders Johansson, Link\u00f6ping<\/em><\/p>\n<\/div><\/section><\/div>\n<div class=\"flex_column av_one_half  flex_column_div av-zero-column-padding   avia-builder-el-14  el_after_av_one_half  el_before_av_one_half  column-top-margin\" style='border-radius:0px; '><section class=\"av_textblock_section\"  itemscope=\"itemscope\" itemtype=\"https:\/\/schema.org\/CreativeWork\" ><div class='avia_textblock'   itemprop=\"text\" ><p><img loading=\"lazy\" decoding=\"async\" class=\"alignnone size-full wp-image-4448\" src=\"http:\/\/media.larsnordvall.se\/2024\/10\/loten2.jpg\" alt=\"\" width=\"300\" height=\"225\" srcset=\"http:\/\/media.larsnordvall.se\/2024\/10\/loten2.jpg 300w, http:\/\/media.larsnordvall.se\/2024\/10\/loten2-16x12.jpg 16w\" sizes=\"auto, (max-width: 300px) 100vw, 300px\" \/><\/p>\n<p><strong>L\u00f6ten<\/strong>, <strong>Sturefors<\/strong><br \/>\n<em>Foto: Anders Johansson, Link\u00f6ping<\/em><\/p>\n<\/div><\/section><\/div>\n<div class=\"flex_column av_one_half  flex_column_div av-zero-column-padding first  avia-builder-el-16  el_after_av_one_half  el_before_av_one_half  column-top-margin\" style='border-radius:0px; '><section class=\"av_textblock_section\"  itemscope=\"itemscope\" itemtype=\"https:\/\/schema.org\/CreativeWork\" ><div class='avia_textblock'   itemprop=\"text\" ><p><em><img loading=\"lazy\" decoding=\"async\" class=\"alignnone size-medium wp-image-4450\" src=\"http:\/\/media.larsnordvall.se\/2024\/10\/albert-cederkvist-ca-1938-259x300.jpg\" alt=\"\" width=\"259\" height=\"300\" srcset=\"http:\/\/media.larsnordvall.se\/2024\/10\/albert-cederkvist-ca-1938-259x300.jpg 259w, http:\/\/media.larsnordvall.se\/2024\/10\/albert-cederkvist-ca-1938-10x12.jpg 10w, http:\/\/media.larsnordvall.se\/2024\/10\/albert-cederkvist-ca-1938.jpg 345w\" sizes=\"auto, (max-width: 259px) 100vw, 259px\" \/><\/em><\/p>\n<p><strong>Albert Cederqvist ca 1938 &#8211; 64 \u00e5r<\/strong><\/p>\n<\/div><\/section><\/div>\n<div class=\"flex_column av_one_half  flex_column_div av-zero-column-padding   avia-builder-el-18  el_after_av_one_half  el_before_av_one_third  column-top-margin\" style='border-radius:0px; '><section class=\"av_textblock_section\"  itemscope=\"itemscope\" itemtype=\"https:\/\/schema.org\/CreativeWork\" ><div class='avia_textblock'   itemprop=\"text\" ><p>Anna dog i L\u00f6ten den 7 december 1948, 76 \u00e5r gammal. Albert bodde ensam kvar i L\u00f6ten utanf\u00f6r Sturefors n\u00e4r han 1968 gick bort i cancer 94 \u00e5r gammal. Han \u00e4r begravd vid Vists kyrka. \u00a0Bilden visar Albert, 64 \u00e5r gammal. Bilden \u00e4r tagen omkring 1938.<\/p>\n<p><em>P\u00e5 Vist hembygdsf\u00f6rening hemsida hittade jag f\u00f6ljande ber\u00e4ttelse om Albert.<\/em><br \/>\n<strong>Traktens eget original.<\/strong><br \/>\nGubben Cederqvist i L\u00f6ten var ett riktigt original, som med st\u00f6d fr\u00e5n en knotig k\u00e4pp brukade komma knallande \u00f6ver backen och h\u00e4lsa p\u00e5 i Rosendal. Han var utsmyckad med en stor tvinnad mustasch, hade alltid ett stort skinnf\u00f6rkl\u00e4de och ibland en skinnluva p\u00e5 sig.<br \/>\nN\u00e4r man bes\u00f6kte honom i den lilla vita stugan brukade han stolt visa upp sin imponerande klocksamling som han hade hemma i k\u00f6ket. I kammaren hade han ocks\u00e5 en gammal trattgrammofon med vev.<\/p>\n<\/div><\/section><\/div>\n<div class=\"flex_column av_one_third  flex_column_div av-zero-column-padding first  avia-builder-el-20  el_after_av_one_half  el_before_av_one_third  column-top-margin\" style='border-radius:0px; '><section class=\"av_textblock_section\"  itemscope=\"itemscope\" itemtype=\"https:\/\/schema.org\/CreativeWork\" ><div class='avia_textblock'   itemprop=\"text\" ><p><img loading=\"lazy\" decoding=\"async\" class=\"alignnone wp-image-4334\" src=\"http:\/\/media.larsnordvall.se\/2024\/03\/Albert.jpg\" alt=\"\" width=\"237\" height=\"231\" srcset=\"http:\/\/media.larsnordvall.se\/2024\/03\/Albert.jpg 237w, http:\/\/media.larsnordvall.se\/2024\/03\/Albert-12x12.jpg 12w, http:\/\/media.larsnordvall.se\/2024\/03\/Albert-36x36.jpg 36w\" sizes=\"auto, (max-width: 237px) 100vw, 237px\" \/><\/p>\n<p><em><strong>Albert Cederqvist ung\u00a0 \u00a0 \u00a0 \u00a0 \u00a0 \u00a0 \u00a0 \u00a0 \u00a0 \u00a0 \u00a0 \u00a0 \u00a0\u00a0<\/strong><\/em><\/p>\n<p><img loading=\"lazy\" decoding=\"async\" class=\"alignnone size-full wp-image-4444\" src=\"http:\/\/media.larsnordvall.se\/2024\/10\/Albert-Cederqvist_sign.jpg\" alt=\"\" width=\"179\" height=\"44\" srcset=\"http:\/\/media.larsnordvall.se\/2024\/10\/Albert-Cederqvist_sign.jpg 179w, http:\/\/media.larsnordvall.se\/2024\/10\/Albert-Cederqvist_sign-18x4.jpg 18w\" sizes=\"auto, (max-width: 179px) 100vw, 179px\" \/><\/p>\n<\/div><\/section><\/div>\n<div class=\"flex_column av_one_third  flex_column_div av-zero-column-padding   avia-builder-el-22  el_after_av_one_third  el_before_av_one_third  column-top-margin\" style='border-radius:0px; '><section class=\"av_textblock_section\"  itemscope=\"itemscope\" itemtype=\"https:\/\/schema.org\/CreativeWork\" ><div class='avia_textblock'   itemprop=\"text\" ><p><img loading=\"lazy\" decoding=\"async\" class=\"alignnone wp-image-4451\" src=\"http:\/\/media.larsnordvall.se\/2024\/10\/albert_gammal.jpg\" alt=\"\" width=\"175\" height=\"207\" srcset=\"http:\/\/media.larsnordvall.se\/2024\/10\/albert_gammal.jpg 108w, http:\/\/media.larsnordvall.se\/2024\/10\/albert_gammal-10x12.jpg 10w\" sizes=\"auto, (max-width: 175px) 100vw, 175px\" \/><br \/>\n<em><strong>Albert Cederqvist 64 \u00e5r\u00a0 \u00a0 \u00a0\u00a0<\/strong><\/em><\/p>\n<\/div><\/section><\/div>\n<div class=\"flex_column av_one_third  flex_column_div av-zero-column-padding   avia-builder-el-24  el_after_av_one_third  avia-builder-el-last  column-top-margin\" style='border-radius:0px; '><section class=\"av_textblock_section\"  itemscope=\"itemscope\" itemtype=\"https:\/\/schema.org\/CreativeWork\" ><div class='avia_textblock'   itemprop=\"text\" ><p><img loading=\"lazy\" decoding=\"async\" class=\"alignnone wp-image-4453\" src=\"http:\/\/media.larsnordvall.se\/2024\/10\/anna_ung-1.jpg\" alt=\"\" width=\"181\" height=\"244\" srcset=\"http:\/\/media.larsnordvall.se\/2024\/10\/anna_ung-1.jpg 135w, http:\/\/media.larsnordvall.se\/2024\/10\/anna_ung-1-9x12.jpg 9w\" sizes=\"auto, (max-width: 181px) 100vw, 181px\" \/><br \/>\n<em><strong>Anna Cederqvist<\/strong><\/em><\/p>\n<\/div><\/section><\/div>","protected":false},"excerpt":{"rendered":"","protected":false},"author":1,"featured_media":0,"parent":0,"menu_order":0,"comment_status":"closed","ping_status":"closed","template":"","meta":{"_uag_custom_page_level_css":"","wpm_timeformat":"","_wpm_styles":"","footnotes":""},"class_list":["post-4185","page","type-page","status-publish","hentry"],"yoast_head":"<!-- This site is optimized with the Yoast SEO plugin v27.4 - https:\/\/yoast.com\/product\/yoast-seo-wordpress\/ -->\n<title>Albert Cederqvist - LarsNordvall.se<\/title>\n<meta name=\"description\" content=\"Albert Cederqvist f\u00f6dd 17 dec, 1874 ville vara lite f\u00f6r mera \u00e4n andra. Han arbetade som kusk p\u00e5 Sturefors Slott och han la sig till med samma dialekt som herrskapet.\" \/>\n<meta name=\"robots\" content=\"index, follow, max-snippet:-1, max-image-preview:large, max-video-preview:-1\" \/>\n<link rel=\"canonical\" href=\"https:\/\/larsnordvall.se\/en\/albert-cederqvist\/\" \/>\n<meta property=\"og:locale\" content=\"en_US\" \/>\n<meta property=\"og:type\" content=\"article\" \/>\n<meta property=\"og:title\" content=\"Albert Cederqvist - LarsNordvall.se\" \/>\n<meta property=\"og:description\" content=\"Albert Cederqvist f\u00f6dd 17 dec, 1874 ville vara lite f\u00f6r mera \u00e4n andra. Han arbetade som kusk p\u00e5 Sturefors Slott och han la sig till med samma dialekt som herrskapet.\" \/>\n<meta property=\"og:url\" content=\"https:\/\/larsnordvall.se\/en\/albert-cederqvist\/\" \/>\n<meta property=\"og:site_name\" content=\"LarsNordvall.se\" \/>\n<meta property=\"article:modified_time\" content=\"2024-10-14T18:20:00+00:00\" \/>\n<meta property=\"og:image\" content=\"https:\/\/media.larsnordvall.se\/2024\/10\/albert_banner.jpg\" \/>\n\t<meta property=\"og:image:width\" content=\"1000\" \/>\n\t<meta property=\"og:image:height\" content=\"180\" \/>\n\t<meta property=\"og:image:type\" content=\"image\/jpeg\" \/>\n<meta name=\"twitter:card\" content=\"summary_large_image\" \/>\n<meta name=\"twitter:label1\" content=\"Est. reading time\" \/>\n\t<meta name=\"twitter:data1\" content=\"10 minutes\" \/>\n<script type=\"application\/ld+json\" class=\"yoast-schema-graph\">{\"@context\":\"https:\\\/\\\/schema.org\",\"@graph\":[{\"@type\":\"WebPage\",\"@id\":\"https:\\\/\\\/larsnordvall.se\\\/albert-cederqvist\\\/\",\"url\":\"https:\\\/\\\/larsnordvall.se\\\/albert-cederqvist\\\/\",\"name\":\"Albert Cederqvist - LarsNordvall.se\",\"isPartOf\":{\"@id\":\"https:\\\/\\\/larsnordvall.se\\\/#website\"},\"primaryImageOfPage\":{\"@id\":\"https:\\\/\\\/larsnordvall.se\\\/albert-cederqvist\\\/#primaryimage\"},\"image\":{\"@id\":\"https:\\\/\\\/larsnordvall.se\\\/albert-cederqvist\\\/#primaryimage\"},\"thumbnailUrl\":\"http:\\\/\\\/media.larsnordvall.se\\\/2024\\\/10\\\/albert_banner.jpg\",\"datePublished\":\"2022-02-10T15:56:25+00:00\",\"dateModified\":\"2024-10-14T18:20:00+00:00\",\"description\":\"Albert Cederqvist f\u00f6dd 17 dec, 1874 ville vara lite f\u00f6r mera \u00e4n andra. Han arbetade som kusk p\u00e5 Sturefors Slott och han la sig till med samma dialekt som herrskapet.\",\"breadcrumb\":{\"@id\":\"https:\\\/\\\/larsnordvall.se\\\/albert-cederqvist\\\/#breadcrumb\"},\"inLanguage\":\"en-US\",\"potentialAction\":[{\"@type\":\"ReadAction\",\"target\":[\"https:\\\/\\\/larsnordvall.se\\\/albert-cederqvist\\\/\"]}]},{\"@type\":\"ImageObject\",\"inLanguage\":\"en-US\",\"@id\":\"https:\\\/\\\/larsnordvall.se\\\/albert-cederqvist\\\/#primaryimage\",\"url\":\"http:\\\/\\\/media.larsnordvall.se\\\/2024\\\/10\\\/albert_banner.jpg\",\"contentUrl\":\"http:\\\/\\\/media.larsnordvall.se\\\/2024\\\/10\\\/albert_banner.jpg\"},{\"@type\":\"BreadcrumbList\",\"@id\":\"https:\\\/\\\/larsnordvall.se\\\/albert-cederqvist\\\/#breadcrumb\",\"itemListElement\":[{\"@type\":\"ListItem\",\"position\":1,\"name\":\"Hem\",\"item\":\"https:\\\/\\\/larsnordvall.se\\\/\"},{\"@type\":\"ListItem\",\"position\":2,\"name\":\"Albert Cederqvist\"}]},{\"@type\":\"WebSite\",\"@id\":\"https:\\\/\\\/larsnordvall.se\\\/#website\",\"url\":\"https:\\\/\\\/larsnordvall.se\\\/\",\"name\":\"LarsNordvall.se\",\"description\":\"Ett Vingslag Tillbaka i Tiden!\",\"potentialAction\":[{\"@type\":\"SearchAction\",\"target\":{\"@type\":\"EntryPoint\",\"urlTemplate\":\"https:\\\/\\\/larsnordvall.se\\\/?s={search_term_string}\"},\"query-input\":{\"@type\":\"PropertyValueSpecification\",\"valueRequired\":true,\"valueName\":\"search_term_string\"}}],\"inLanguage\":\"en-US\"}]}<\/script>\n<!-- \/ Yoast SEO plugin. -->","yoast_head_json":{"title":"Albert Cederqvist - LarsNordvall.se","description":"Albert Cederqvist f\u00f6dd 17 dec, 1874 ville vara lite f\u00f6r mera \u00e4n andra. Han arbetade som kusk p\u00e5 Sturefors Slott och han la sig till med samma dialekt som herrskapet.","robots":{"index":"index","follow":"follow","max-snippet":"max-snippet:-1","max-image-preview":"max-image-preview:large","max-video-preview":"max-video-preview:-1"},"canonical":"https:\/\/larsnordvall.se\/en\/albert-cederqvist\/","og_locale":"en_US","og_type":"article","og_title":"Albert Cederqvist - LarsNordvall.se","og_description":"Albert Cederqvist f\u00f6dd 17 dec, 1874 ville vara lite f\u00f6r mera \u00e4n andra. Han arbetade som kusk p\u00e5 Sturefors Slott och han la sig till med samma dialekt som herrskapet.","og_url":"https:\/\/larsnordvall.se\/en\/albert-cederqvist\/","og_site_name":"LarsNordvall.se","article_modified_time":"2024-10-14T18:20:00+00:00","og_image":[{"width":1000,"height":180,"url":"https:\/\/media.larsnordvall.se\/2024\/10\/albert_banner.jpg","type":"image\/jpeg"}],"twitter_card":"summary_large_image","twitter_misc":{"Est. reading time":"10 minutes"},"schema":{"@context":"https:\/\/schema.org","@graph":[{"@type":"WebPage","@id":"https:\/\/larsnordvall.se\/albert-cederqvist\/","url":"https:\/\/larsnordvall.se\/albert-cederqvist\/","name":"Albert Cederqvist - LarsNordvall.se","isPartOf":{"@id":"https:\/\/larsnordvall.se\/#website"},"primaryImageOfPage":{"@id":"https:\/\/larsnordvall.se\/albert-cederqvist\/#primaryimage"},"image":{"@id":"https:\/\/larsnordvall.se\/albert-cederqvist\/#primaryimage"},"thumbnailUrl":"http:\/\/media.larsnordvall.se\/2024\/10\/albert_banner.jpg","datePublished":"2022-02-10T15:56:25+00:00","dateModified":"2024-10-14T18:20:00+00:00","description":"Albert Cederqvist f\u00f6dd 17 dec, 1874 ville vara lite f\u00f6r mera \u00e4n andra. Han arbetade som kusk p\u00e5 Sturefors Slott och han la sig till med samma dialekt som herrskapet.","breadcrumb":{"@id":"https:\/\/larsnordvall.se\/albert-cederqvist\/#breadcrumb"},"inLanguage":"en-US","potentialAction":[{"@type":"ReadAction","target":["https:\/\/larsnordvall.se\/albert-cederqvist\/"]}]},{"@type":"ImageObject","inLanguage":"en-US","@id":"https:\/\/larsnordvall.se\/albert-cederqvist\/#primaryimage","url":"http:\/\/media.larsnordvall.se\/2024\/10\/albert_banner.jpg","contentUrl":"http:\/\/media.larsnordvall.se\/2024\/10\/albert_banner.jpg"},{"@type":"BreadcrumbList","@id":"https:\/\/larsnordvall.se\/albert-cederqvist\/#breadcrumb","itemListElement":[{"@type":"ListItem","position":1,"name":"Hem","item":"https:\/\/larsnordvall.se\/"},{"@type":"ListItem","position":2,"name":"Albert Cederqvist"}]},{"@type":"WebSite","@id":"https:\/\/larsnordvall.se\/#website","url":"https:\/\/larsnordvall.se\/","name":"LarsNordvall.se","description":"Ett Vingslag Tillbaka i Tiden!","potentialAction":[{"@type":"SearchAction","target":{"@type":"EntryPoint","urlTemplate":"https:\/\/larsnordvall.se\/?s={search_term_string}"},"query-input":{"@type":"PropertyValueSpecification","valueRequired":true,"valueName":"search_term_string"}}],"inLanguage":"en-US"}]}},"uagb_featured_image_src":{"full":false,"thumbnail":false,"medium":false,"medium_large":false,"large":false,"1536x1536":false,"2048x2048":false,"trp-custom-language-flag":false,"widget":false,"square":false,"featured":false,"featured_large":false,"extra_large":false,"portfolio":false,"portfolio_small":false,"gallery":false,"magazine":false,"masonry":false,"entry_with_sidebar":false,"entry_without_sidebar":false},"uagb_author_info":{"display_name":"larsnordvall.se","author_link":"https:\/\/larsnordvall.se\/en\/author\/larsnordvall-se\/"},"uagb_comment_info":0,"uagb_excerpt":null,"_links":{"self":[{"href":"https:\/\/larsnordvall.se\/en\/wp-json\/wp\/v2\/pages\/4185","targetHints":{"allow":["GET"]}}],"collection":[{"href":"https:\/\/larsnordvall.se\/en\/wp-json\/wp\/v2\/pages"}],"about":[{"href":"https:\/\/larsnordvall.se\/en\/wp-json\/wp\/v2\/types\/page"}],"author":[{"embeddable":true,"href":"https:\/\/larsnordvall.se\/en\/wp-json\/wp\/v2\/users\/1"}],"replies":[{"embeddable":true,"href":"https:\/\/larsnordvall.se\/en\/wp-json\/wp\/v2\/comments?post=4185"}],"version-history":[{"count":9,"href":"https:\/\/larsnordvall.se\/en\/wp-json\/wp\/v2\/pages\/4185\/revisions"}],"predecessor-version":[{"id":4532,"href":"https:\/\/larsnordvall.se\/en\/wp-json\/wp\/v2\/pages\/4185\/revisions\/4532"}],"wp:attachment":[{"href":"https:\/\/larsnordvall.se\/en\/wp-json\/wp\/v2\/media?parent=4185"}],"curies":[{"name":"wp","href":"https:\/\/api.w.org\/{rel}","templated":true}]}}