{"id":4186,"date":"2022-02-10T15:56:25","date_gmt":"2022-02-10T15:56:25","guid":{"rendered":"https:\/\/larsnordvall.se\/beda-cederqvist\/"},"modified":"2024-10-14T18:09:04","modified_gmt":"2024-10-14T18:09:04","slug":"beda-cederqvist","status":"publish","type":"page","link":"https:\/\/larsnordvall.se\/en\/beda-cederqvist\/","title":{"rendered":"Beda Cederqvist"},"content":{"rendered":"<section class=\"av_textblock_section\"  itemscope=\"itemscope\" itemtype=\"https:\/\/schema.org\/CreativeWork\" ><div class='avia_textblock'   itemprop=\"text\" ><p><img loading=\"lazy\" decoding=\"async\" class=\"alignnone size-full wp-image-4522\" src=\"http:\/\/media.larsnordvall.se\/2024\/10\/beda_banner1.jpg\" alt=\"\" width=\"1000\" height=\"180\" srcset=\"http:\/\/media.larsnordvall.se\/2024\/10\/beda_banner1.jpg 1000w, http:\/\/media.larsnordvall.se\/2024\/10\/beda_banner1-300x54.jpg 300w, http:\/\/media.larsnordvall.se\/2024\/10\/beda_banner1-768x138.jpg 768w, http:\/\/media.larsnordvall.se\/2024\/10\/beda_banner1-18x3.jpg 18w, http:\/\/media.larsnordvall.se\/2024\/10\/beda_banner1-705x127.jpg 705w\" sizes=\"auto, (max-width: 1000px) 100vw, 1000px\" \/><\/p>\n<h3 style=\"text-align: center;\">Beda Cederqvist &#8211; 30 \u00e5r<\/h3>\n<p style=\"text-align: center;\"><strong>F\u00f6dd: 15 juli 1876<\/strong><br \/>\n<strong>D\u00f6d: 15 januari 1906<\/strong><\/p>\n<\/div><\/section>\n<div class=\"flex_column av_one_half  flex_column_div av-zero-column-padding first  avia-builder-el-1  el_after_av_textblock  el_before_av_one_half  column-top-margin\" style='border-radius:0px; '><section class=\"av_textblock_section\"  itemscope=\"itemscope\" itemtype=\"https:\/\/schema.org\/CreativeWork\" ><div class='avia_textblock'   itemprop=\"text\" ><p>Beda var Carl Axel och Lovisas f\u00f6rsta dotter som f\u00f6ddes den 15 juli 1876 p\u00e5 G\u00e4llsta g\u00e5rd d\u00e4r Carl Axel och Lovisa tr\u00e4ffades f\u00f6r f\u00f6rsta g\u00e5ngen 9 \u00e5r tidigare. D\u00e4r bodde dom i 4 \u00e5r och under den tiden fick de tre barn.<\/p>\n<p><a href=\"https:\/\/larsnordvall.se\/en\/albert-cederqvist\/\">Karl <strong>Albert<\/strong><\/a> 1874-12-17 T\u00f6rnevalla, fs<br \/>\n<strong>Beda Matilda 1876-07-15 T\u00f6rnevalla, fs<\/strong><br \/>\n<a href=\"https:\/\/larsnordvall.se\/en\/regina-cederqvist\/\"><strong>Regina<\/strong> Lovisa<\/a> 1878-04-20 T\u00f6rnevalla, fs<\/p>\n<p>Det har nu g\u00e5tt lite mer \u00e4n 100 \u00e5r sedan denna historien b\u00f6rjade med att <a href=\"https:\/\/larsnordvall.se\/en\/gustavfa-nyberg-carl-staffan-cederschiold\/\">Peter Nyberg ,Carl Axels<\/a> morfar f\u00f6ddes i Sundbohammar.<\/p>\n<p>Beda gifte sig med Carl Oskar Larsson. De flyttade till V\u00e5nga norr om Roxen. Beda och Oskar fick en dotter som de gav namnet Astrid Cesilia.<\/p>\n<p>Beda d\u00f6r endast 30 \u00e5r gammal 1906-01-15 i \u00d6rtomta, S\u00f6rby \u00d6sterg\u00f6tland. Hon flyttade till V\u00e5nga norr om Roxen. Hon d\u00f6r i hj\u00e4rntuberkulos (m\u00e5ste vara hemskt). Flytten till Sk\u00e5ne m\u00e5ste ha skett efter hennes d\u00f6d.<\/p>\n<p>Beda som var en av min mormos Sonjas mostrar \u00a0ber\u00e4ttade att Beda hade det sv\u00e5rt med sin man. Lovisa och Carl Axel skickade kl\u00e4der och skor till Bedas dotter eftersom Larsson f\u00f6rst\u00f6rde pengarna p\u00e5 annat. Bedas dotter Astrid Cesilia var bara fyra \u00e5r n\u00e4r hennes mamma gick bort. Astrid gifte sig med en man vars efternamn var Olsson, och hon avlider i Landskrona 28 april 1989<\/p>\n<\/div><\/section><\/div><div class=\"flex_column av_one_half  flex_column_div av-zero-column-padding   avia-builder-el-3  el_after_av_one_half  avia-builder-el-last  column-top-margin\" style='border-radius:0px; '><section class=\"av_textblock_section\"  itemscope=\"itemscope\" itemtype=\"https:\/\/schema.org\/CreativeWork\" ><div class='avia_textblock'   itemprop=\"text\" ><p><img loading=\"lazy\" decoding=\"async\" class=\"alignnone size-full wp-image-4525\" src=\"http:\/\/media.larsnordvall.se\/2024\/10\/Beda-och-Astrid_red.jpg\" alt=\"\" width=\"332\" height=\"445\" srcset=\"http:\/\/media.larsnordvall.se\/2024\/10\/Beda-och-Astrid_red.jpg 332w, http:\/\/media.larsnordvall.se\/2024\/10\/Beda-och-Astrid_red-224x300.jpg 224w, http:\/\/media.larsnordvall.se\/2024\/10\/Beda-och-Astrid_red-9x12.jpg 9w\" sizes=\"auto, (max-width: 332px) 100vw, 332px\" \/><\/p>\n<p><em><strong>Beda med dottern Astrid Cesilia<\/strong><\/em><\/p>\n<\/div><\/section><\/div><\/p>","protected":false},"excerpt":{"rendered":"","protected":false},"author":1,"featured_media":0,"parent":0,"menu_order":0,"comment_status":"closed","ping_status":"closed","template":"","meta":{"_uag_custom_page_level_css":"","wpm_timeformat":"","_wpm_styles":"","footnotes":""},"class_list":["post-4186","page","type-page","status-publish","hentry"],"yoast_head":"<!-- This site is optimized with the Yoast SEO plugin v27.5 - https:\/\/yoast.com\/product\/yoast-seo-wordpress\/ -->\n<title>Beda Cederqvist - LarsNordvall.se<\/title>\n<meta name=\"robots\" content=\"index, follow, max-snippet:-1, max-image-preview:large, max-video-preview:-1\" \/>\n<link rel=\"canonical\" href=\"https:\/\/larsnordvall.se\/en\/beda-cederqvist\/\" \/>\n<meta property=\"og:locale\" content=\"en_US\" \/>\n<meta property=\"og:type\" content=\"article\" \/>\n<meta property=\"og:title\" content=\"Beda Cederqvist - LarsNordvall.se\" \/>\n<meta property=\"og:url\" content=\"https:\/\/larsnordvall.se\/en\/beda-cederqvist\/\" \/>\n<meta property=\"og:site_name\" content=\"LarsNordvall.se\" \/>\n<meta property=\"article:modified_time\" content=\"2024-10-14T18:09:04+00:00\" \/>\n<meta property=\"og:image\" content=\"https:\/\/media.larsnordvall.se\/2024\/10\/beda_banner1.jpg\" \/>\n\t<meta property=\"og:image:width\" content=\"1000\" \/>\n\t<meta property=\"og:image:height\" content=\"180\" \/>\n\t<meta property=\"og:image:type\" content=\"image\/jpeg\" \/>\n<meta name=\"twitter:card\" content=\"summary_large_image\" \/>\n<meta name=\"twitter:label1\" content=\"Est. reading time\" \/>\n\t<meta name=\"twitter:data1\" content=\"1 minute\" \/>\n<script type=\"application\/ld+json\" class=\"yoast-schema-graph\">{\"@context\":\"https:\\\/\\\/schema.org\",\"@graph\":[{\"@type\":\"WebPage\",\"@id\":\"https:\\\/\\\/larsnordvall.se\\\/beda-cederqvist\\\/\",\"url\":\"https:\\\/\\\/larsnordvall.se\\\/beda-cederqvist\\\/\",\"name\":\"Beda Cederqvist - LarsNordvall.se\",\"isPartOf\":{\"@id\":\"https:\\\/\\\/larsnordvall.se\\\/#website\"},\"primaryImageOfPage\":{\"@id\":\"https:\\\/\\\/larsnordvall.se\\\/beda-cederqvist\\\/#primaryimage\"},\"image\":{\"@id\":\"https:\\\/\\\/larsnordvall.se\\\/beda-cederqvist\\\/#primaryimage\"},\"thumbnailUrl\":\"http:\\\/\\\/media.larsnordvall.se\\\/2024\\\/10\\\/beda_banner1.jpg\",\"datePublished\":\"2022-02-10T15:56:25+00:00\",\"dateModified\":\"2024-10-14T18:09:04+00:00\",\"breadcrumb\":{\"@id\":\"https:\\\/\\\/larsnordvall.se\\\/beda-cederqvist\\\/#breadcrumb\"},\"inLanguage\":\"en-US\",\"potentialAction\":[{\"@type\":\"ReadAction\",\"target\":[\"https:\\\/\\\/larsnordvall.se\\\/beda-cederqvist\\\/\"]}]},{\"@type\":\"ImageObject\",\"inLanguage\":\"en-US\",\"@id\":\"https:\\\/\\\/larsnordvall.se\\\/beda-cederqvist\\\/#primaryimage\",\"url\":\"http:\\\/\\\/media.larsnordvall.se\\\/2024\\\/10\\\/beda_banner1.jpg\",\"contentUrl\":\"http:\\\/\\\/media.larsnordvall.se\\\/2024\\\/10\\\/beda_banner1.jpg\"},{\"@type\":\"BreadcrumbList\",\"@id\":\"https:\\\/\\\/larsnordvall.se\\\/beda-cederqvist\\\/#breadcrumb\",\"itemListElement\":[{\"@type\":\"ListItem\",\"position\":1,\"name\":\"Hem\",\"item\":\"https:\\\/\\\/larsnordvall.se\\\/\"},{\"@type\":\"ListItem\",\"position\":2,\"name\":\"Beda Cederqvist\"}]},{\"@type\":\"WebSite\",\"@id\":\"https:\\\/\\\/larsnordvall.se\\\/#website\",\"url\":\"https:\\\/\\\/larsnordvall.se\\\/\",\"name\":\"LarsNordvall.se\",\"description\":\"Ett Vingslag Tillbaka i Tiden!\",\"potentialAction\":[{\"@type\":\"SearchAction\",\"target\":{\"@type\":\"EntryPoint\",\"urlTemplate\":\"https:\\\/\\\/larsnordvall.se\\\/?s={search_term_string}\"},\"query-input\":{\"@type\":\"PropertyValueSpecification\",\"valueRequired\":true,\"valueName\":\"search_term_string\"}}],\"inLanguage\":\"en-US\"}]}<\/script>\n<!-- \/ Yoast SEO plugin. -->","yoast_head_json":{"title":"Beda Cederqvist - LarsNordvall.se","robots":{"index":"index","follow":"follow","max-snippet":"max-snippet:-1","max-image-preview":"max-image-preview:large","max-video-preview":"max-video-preview:-1"},"canonical":"https:\/\/larsnordvall.se\/en\/beda-cederqvist\/","og_locale":"en_US","og_type":"article","og_title":"Beda Cederqvist - LarsNordvall.se","og_url":"https:\/\/larsnordvall.se\/en\/beda-cederqvist\/","og_site_name":"LarsNordvall.se","article_modified_time":"2024-10-14T18:09:04+00:00","og_image":[{"width":1000,"height":180,"url":"https:\/\/media.larsnordvall.se\/2024\/10\/beda_banner1.jpg","type":"image\/jpeg"}],"twitter_card":"summary_large_image","twitter_misc":{"Est. reading time":"1 minute"},"schema":{"@context":"https:\/\/schema.org","@graph":[{"@type":"WebPage","@id":"https:\/\/larsnordvall.se\/beda-cederqvist\/","url":"https:\/\/larsnordvall.se\/beda-cederqvist\/","name":"Beda Cederqvist - LarsNordvall.se","isPartOf":{"@id":"https:\/\/larsnordvall.se\/#website"},"primaryImageOfPage":{"@id":"https:\/\/larsnordvall.se\/beda-cederqvist\/#primaryimage"},"image":{"@id":"https:\/\/larsnordvall.se\/beda-cederqvist\/#primaryimage"},"thumbnailUrl":"http:\/\/media.larsnordvall.se\/2024\/10\/beda_banner1.jpg","datePublished":"2022-02-10T15:56:25+00:00","dateModified":"2024-10-14T18:09:04+00:00","breadcrumb":{"@id":"https:\/\/larsnordvall.se\/beda-cederqvist\/#breadcrumb"},"inLanguage":"en-US","potentialAction":[{"@type":"ReadAction","target":["https:\/\/larsnordvall.se\/beda-cederqvist\/"]}]},{"@type":"ImageObject","inLanguage":"en-US","@id":"https:\/\/larsnordvall.se\/beda-cederqvist\/#primaryimage","url":"http:\/\/media.larsnordvall.se\/2024\/10\/beda_banner1.jpg","contentUrl":"http:\/\/media.larsnordvall.se\/2024\/10\/beda_banner1.jpg"},{"@type":"BreadcrumbList","@id":"https:\/\/larsnordvall.se\/beda-cederqvist\/#breadcrumb","itemListElement":[{"@type":"ListItem","position":1,"name":"Hem","item":"https:\/\/larsnordvall.se\/"},{"@type":"ListItem","position":2,"name":"Beda Cederqvist"}]},{"@type":"WebSite","@id":"https:\/\/larsnordvall.se\/#website","url":"https:\/\/larsnordvall.se\/","name":"LarsNordvall.se","description":"Ett Vingslag Tillbaka i Tiden!","potentialAction":[{"@type":"SearchAction","target":{"@type":"EntryPoint","urlTemplate":"https:\/\/larsnordvall.se\/?s={search_term_string}"},"query-input":{"@type":"PropertyValueSpecification","valueRequired":true,"valueName":"search_term_string"}}],"inLanguage":"en-US"}]}},"uagb_featured_image_src":{"full":false,"thumbnail":false,"medium":false,"medium_large":false,"large":false,"1536x1536":false,"2048x2048":false,"trp-custom-language-flag":false,"widget":false,"square":false,"featured":false,"featured_large":false,"extra_large":false,"portfolio":false,"portfolio_small":false,"gallery":false,"magazine":false,"masonry":false,"entry_with_sidebar":false,"entry_without_sidebar":false},"uagb_author_info":{"display_name":"larsnordvall.se","author_link":"https:\/\/larsnordvall.se\/en\/author\/larsnordvall-se\/"},"uagb_comment_info":0,"uagb_excerpt":null,"_links":{"self":[{"href":"https:\/\/larsnordvall.se\/en\/wp-json\/wp\/v2\/pages\/4186","targetHints":{"allow":["GET"]}}],"collection":[{"href":"https:\/\/larsnordvall.se\/en\/wp-json\/wp\/v2\/pages"}],"about":[{"href":"https:\/\/larsnordvall.se\/en\/wp-json\/wp\/v2\/types\/page"}],"author":[{"embeddable":true,"href":"https:\/\/larsnordvall.se\/en\/wp-json\/wp\/v2\/users\/1"}],"replies":[{"embeddable":true,"href":"https:\/\/larsnordvall.se\/en\/wp-json\/wp\/v2\/comments?post=4186"}],"version-history":[{"count":4,"href":"https:\/\/larsnordvall.se\/en\/wp-json\/wp\/v2\/pages\/4186\/revisions"}],"predecessor-version":[{"id":4526,"href":"https:\/\/larsnordvall.se\/en\/wp-json\/wp\/v2\/pages\/4186\/revisions\/4526"}],"wp:attachment":[{"href":"https:\/\/larsnordvall.se\/en\/wp-json\/wp\/v2\/media?parent=4186"}],"curies":[{"name":"wp","href":"https:\/\/api.w.org\/{rel}","templated":true}]}}