{"id":4925,"date":"2025-10-01T23:54:13","date_gmt":"2025-10-01T23:54:13","guid":{"rendered":"https:\/\/larsnordvall.se\/?page_id=4925"},"modified":"2025-10-02T14:04:00","modified_gmt":"2025-10-02T14:04:00","slug":"karl-felix-nordvall-1887-1933","status":"publish","type":"page","link":"https:\/\/larsnordvall.se\/en\/karl-felix-nordvall-1887-1933\/","title":{"rendered":"Karl Felix Nordvall 1887 &#8211; 1933"},"content":{"rendered":"<div class=\"flex_column av_one_full  flex_column_div av-zero-column-padding first  avia-builder-el-0  avia-builder-el-no-sibling\" style='border-radius:0px; '><section class=\"av_textblock_section\"  itemscope=\"itemscope\" itemtype=\"https:\/\/schema.org\/CreativeWork\" ><div class='avia_textblock'   itemprop=\"text\" ><h2><img loading=\"lazy\" decoding=\"async\" class=\"alignnone size-full wp-image-4937\" src=\"http:\/\/media.larsnordvall.se\/2025\/10\/linje1000.gif\" alt=\"\" width=\"1000\" height=\"30\" \/><\/h2>\n<h2 style=\"text-align: center;\">Karl Felix Nordvall<\/h2>\n<h3 style=\"text-align: center;\">F\u00f6dd 18 januari 1887<br \/>\nD\u00f6d:\u00a0 16 oktober 1933<br \/>\n46 \u00e5r<\/h3>\n<p>Karl som var Lars Magnus f\u00f6rstf\u00f6dda son i sitt f\u00f6rsta \u00e4ktenskap med Maria Kristina Karlsdotter f\u00f6rstod att det skulle nog ta ytterligare 20 \u00e5r innan han som f\u00f6rstf\u00f6dd son skulle ha m\u00f6jlighet att ta \u00f6ver g\u00e5rden i Kasaviken. Alternativen var inte m\u00e5nga f\u00f6r en 20-\u00e5ring \u00e5ring 1907, bli dr\u00e4ng, arbeta p\u00e5 s\u00e5gen, arrendera ett torp eller emigrera som s\u00e5 m\u00e5nga andra gjorde till Amerika. Karl valde det senare alternativet att s\u00f6ka lyckan i ett fr\u00e4mmande land.<\/p>\n<p>Wilson-Linjen trafikerade mellan G\u00f6teborg och Grimsby hamn i England, med postb\u00e5tar som tog 1000 passagerare och \u00e4ven boskap. H\u00e4r postb\u00e5ten \u201d Rollo\u201d 1870-1909. L\u00e4gg m\u00e4rke till de sex stycken livb\u00e5tarna som ska r\u00e4cka till 1000 passagerare.<\/p>\n<p><img loading=\"lazy\" decoding=\"async\" class=\"alignnone size-full wp-image-4928\" src=\"http:\/\/media.larsnordvall.se\/2025\/10\/Goteborgs-hamn_farval1.jpg\" alt=\"\" width=\"300\" height=\"437\" srcset=\"http:\/\/media.larsnordvall.se\/2025\/10\/Goteborgs-hamn_farval1.jpg 300w, http:\/\/media.larsnordvall.se\/2025\/10\/Goteborgs-hamn_farval1-206x300.jpg 206w, http:\/\/media.larsnordvall.se\/2025\/10\/Goteborgs-hamn_farval1-8x12.jpg 8w\" sizes=\"auto, (max-width: 300px) 100vw, 300px\" \/>\u00a0 <img loading=\"lazy\" decoding=\"async\" class=\"alignnone size-full wp-image-4930\" src=\"http:\/\/media.larsnordvall.se\/2025\/10\/wilson-linjens-Rollo_1870-1.jpg\" alt=\"\" width=\"400\" height=\"267\" srcset=\"http:\/\/media.larsnordvall.se\/2025\/10\/wilson-linjens-Rollo_1870-1.jpg 400w, http:\/\/media.larsnordvall.se\/2025\/10\/wilson-linjens-Rollo_1870-1-300x200.jpg 300w, http:\/\/media.larsnordvall.se\/2025\/10\/wilson-linjens-Rollo_1870-1-18x12.jpg 18w\" sizes=\"auto, (max-width: 400px) 100vw, 400px\" \/><br \/>\n<em><strong>G\u00f6teborgs Hamn 1907 pch Postb\u00e5ten Rollo &#8211; passande med\u00a0 ett k\u00e4nnt Vikinga namn<\/strong><\/em><\/p>\n<p>Den 2 april 1907 l\u00e4mnade Karl Felix f\u00f6r gott sitt hem i Kasa och alla v\u00e4nnner runt om i Grundsunda. \u00c5tta dagar senare den 10 april 1907 klev han p\u00e5 b\u00e5ten till Grimsby Docks, Liverpool, England. Resan \u00f6ver Nordsj\u00f6n tog 2 dagar .<\/p>\n<p><img loading=\"lazy\" decoding=\"async\" class=\"alignnone size-full wp-image-4929\" src=\"http:\/\/media.larsnordvall.se\/2025\/10\/Grimsby-docks1.jpg\" alt=\"\" width=\"500\" height=\"327\" srcset=\"http:\/\/media.larsnordvall.se\/2025\/10\/Grimsby-docks1.jpg 500w, http:\/\/media.larsnordvall.se\/2025\/10\/Grimsby-docks1-300x196.jpg 300w, http:\/\/media.larsnordvall.se\/2025\/10\/Grimsby-docks1-18x12.jpg 18w\" sizes=\"auto, (max-width: 500px) 100vw, 500px\" \/><br \/>\n<em><strong>Grimsby Docks, Liverpool, England<\/strong><\/em><\/p>\n<p>Karl Felix vet redan n\u00e4r han l\u00e4mnar Kasa att han ska \u00e5ka till Duluth i Minnesota. I America kallar han sig f\u00f6r Carl Nordvall. Han arbetar som snickare men f\u00f6r Carl och som f\u00f6r alla framf\u00f6r allt emigranter kom craschen den 4 september 1929. Under de n\u00e4rmaste 4 \u00e5ren blev steg arbetsl\u00f6sheten lavinartat och l\u00f6nerna sj\u00f6nk till en fj\u00e4rdedel. 1933 var ca 25% av befolkningen arbetsl\u00f6s i Amerika. Nybyggnationen stod helt still s\u00e5 f\u00f6r en snickare fanns det inga jobb att f\u00e5. \u00c4ven jordbruket hade haft sv\u00e5ra \u00e5r redan fr\u00e5n 1920-talet. Det fanns ingen hj\u00e4lp att f\u00e5 fr\u00e5n n\u00e5got h\u00e5ll.<\/p>\n<p>Personligen tror jag att det var \u201cden stora depressionen\u201d som satte sitt sigill p\u00e5 Carls \u00f6de. Carl bor sina sista 16 \u00e5r i Duluth. Carl gifter sig aldrig och d\u00f6r bara 46 \u00e5r gammal p\u00e5 sjukhuset i Duluth. Han har d\u00e5 levt 26 \u00e5r i Amerika. Dock finns det en kanske norsk dam Ida Haakensen eller hennes namn kankse bara blivit felstavat som var v\u00e4ldigt vanligt. Men Ida m\u00e5ste ha k\u00e4nnt Carl v\u00e4l eftersom Ida dyker upp p\u00e5 hans d\u00f6dscertifikat fr\u00e5n sjukhuset.<\/p>\n<p><img loading=\"lazy\" decoding=\"async\" class=\"alignnone size-full wp-image-4833\" src=\"http:\/\/media.larsnordvall.se\/2025\/09\/blaklocka.gif\" alt=\"\" width=\"100\" height=\"97\" \/>P\u00e5 Carls d\u00f6dscertificate st\u00e5r det att d\u00f6dsorsaken \u00e4r: akut alkoholism de senaste 3 veckorna och oregelbundna m\u00e5ltider. Den 17 oktober 1933, kl.08.20 somnar Carl in p\u00e5 kommun sjukhuset i Duluth. Carl Nordvall begravdes dagen efter den 18 oktober p\u00e5 \u00a0en kyrkog\u00e5rd i Duluth, Minnesota.<\/p>\n<p><img loading=\"lazy\" decoding=\"async\" class=\"alignnone wp-image-4936\" src=\"http:\/\/media.larsnordvall.se\/2025\/10\/Carl-Nordvall.jpg\" alt=\"\" width=\"572\" height=\"744\" srcset=\"http:\/\/media.larsnordvall.se\/2025\/10\/Carl-Nordvall.jpg 1696w, http:\/\/media.larsnordvall.se\/2025\/10\/Carl-Nordvall-231x300.jpg 231w, http:\/\/media.larsnordvall.se\/2025\/10\/Carl-Nordvall-792x1030.jpg 792w, http:\/\/media.larsnordvall.se\/2025\/10\/Carl-Nordvall-768x999.jpg 768w, http:\/\/media.larsnordvall.se\/2025\/10\/Carl-Nordvall-1180x1536.jpg 1180w, http:\/\/media.larsnordvall.se\/2025\/10\/Carl-Nordvall-1574x2048.jpg 1574w, http:\/\/media.larsnordvall.se\/2025\/10\/Carl-Nordvall-9x12.jpg 9w, http:\/\/media.larsnordvall.se\/2025\/10\/Carl-Nordvall-1153x1500.jpg 1153w, http:\/\/media.larsnordvall.se\/2025\/10\/Carl-Nordvall-542x705.jpg 542w\" sizes=\"auto, (max-width: 572px) 100vw, 572px\" \/><\/p>\n<\/div><\/section><\/div>","protected":false},"excerpt":{"rendered":"","protected":false},"author":1,"featured_media":0,"parent":0,"menu_order":0,"comment_status":"closed","ping_status":"closed","template":"","meta":{"_uag_custom_page_level_css":"","wpm_timeformat":"","_wpm_styles":"","footnotes":""},"class_list":["post-4925","page","type-page","status-publish","hentry"],"yoast_head":"<!-- This site is optimized with the Yoast SEO plugin v27.5 - https:\/\/yoast.com\/product\/yoast-seo-wordpress\/ -->\n<title>Karl Felix Nordvall 1887 - 1933 - LarsNordvall.se<\/title>\n<meta name=\"robots\" content=\"index, follow, max-snippet:-1, max-image-preview:large, max-video-preview:-1\" \/>\n<link rel=\"canonical\" href=\"https:\/\/larsnordvall.se\/en\/karl-felix-nordvall-1887-1933\/\" \/>\n<meta property=\"og:locale\" content=\"en_US\" \/>\n<meta property=\"og:type\" content=\"article\" \/>\n<meta property=\"og:title\" content=\"Karl Felix Nordvall 1887 - 1933 - LarsNordvall.se\" \/>\n<meta property=\"og:url\" content=\"https:\/\/larsnordvall.se\/en\/karl-felix-nordvall-1887-1933\/\" \/>\n<meta property=\"og:site_name\" content=\"LarsNordvall.se\" \/>\n<meta property=\"article:modified_time\" content=\"2025-10-02T14:04:00+00:00\" \/>\n<meta property=\"og:image\" content=\"https:\/\/media.larsnordvall.se\/2025\/10\/linje1000.gif\" \/>\n\t<meta property=\"og:image:width\" content=\"1000\" \/>\n\t<meta property=\"og:image:height\" content=\"30\" \/>\n\t<meta property=\"og:image:type\" content=\"image\/gif\" \/>\n<meta name=\"twitter:card\" content=\"summary_large_image\" \/>\n<meta name=\"twitter:label1\" content=\"Est. reading time\" \/>\n\t<meta name=\"twitter:data1\" content=\"3 minutes\" \/>\n<script type=\"application\/ld+json\" class=\"yoast-schema-graph\">{\"@context\":\"https:\\\/\\\/schema.org\",\"@graph\":[{\"@type\":\"WebPage\",\"@id\":\"https:\\\/\\\/larsnordvall.se\\\/karl-felix-nordvall-1887-1933\\\/\",\"url\":\"https:\\\/\\\/larsnordvall.se\\\/karl-felix-nordvall-1887-1933\\\/\",\"name\":\"Karl Felix Nordvall 1887 - 1933 - LarsNordvall.se\",\"isPartOf\":{\"@id\":\"https:\\\/\\\/larsnordvall.se\\\/#website\"},\"primaryImageOfPage\":{\"@id\":\"https:\\\/\\\/larsnordvall.se\\\/karl-felix-nordvall-1887-1933\\\/#primaryimage\"},\"image\":{\"@id\":\"https:\\\/\\\/larsnordvall.se\\\/karl-felix-nordvall-1887-1933\\\/#primaryimage\"},\"thumbnailUrl\":\"http:\\\/\\\/media.larsnordvall.se\\\/2025\\\/10\\\/linje1000.gif\",\"datePublished\":\"2025-10-01T23:54:13+00:00\",\"dateModified\":\"2025-10-02T14:04:00+00:00\",\"breadcrumb\":{\"@id\":\"https:\\\/\\\/larsnordvall.se\\\/karl-felix-nordvall-1887-1933\\\/#breadcrumb\"},\"inLanguage\":\"en-US\",\"potentialAction\":[{\"@type\":\"ReadAction\",\"target\":[\"https:\\\/\\\/larsnordvall.se\\\/karl-felix-nordvall-1887-1933\\\/\"]}]},{\"@type\":\"ImageObject\",\"inLanguage\":\"en-US\",\"@id\":\"https:\\\/\\\/larsnordvall.se\\\/karl-felix-nordvall-1887-1933\\\/#primaryimage\",\"url\":\"http:\\\/\\\/media.larsnordvall.se\\\/2025\\\/10\\\/linje1000.gif\",\"contentUrl\":\"http:\\\/\\\/media.larsnordvall.se\\\/2025\\\/10\\\/linje1000.gif\"},{\"@type\":\"BreadcrumbList\",\"@id\":\"https:\\\/\\\/larsnordvall.se\\\/karl-felix-nordvall-1887-1933\\\/#breadcrumb\",\"itemListElement\":[{\"@type\":\"ListItem\",\"position\":1,\"name\":\"Hem\",\"item\":\"https:\\\/\\\/larsnordvall.se\\\/\"},{\"@type\":\"ListItem\",\"position\":2,\"name\":\"Karl Felix Nordvall 1887 &#8211; 1933\"}]},{\"@type\":\"WebSite\",\"@id\":\"https:\\\/\\\/larsnordvall.se\\\/#website\",\"url\":\"https:\\\/\\\/larsnordvall.se\\\/\",\"name\":\"LarsNordvall.se\",\"description\":\"Ett Vingslag Tillbaka i Tiden!\",\"potentialAction\":[{\"@type\":\"SearchAction\",\"target\":{\"@type\":\"EntryPoint\",\"urlTemplate\":\"https:\\\/\\\/larsnordvall.se\\\/?s={search_term_string}\"},\"query-input\":{\"@type\":\"PropertyValueSpecification\",\"valueRequired\":true,\"valueName\":\"search_term_string\"}}],\"inLanguage\":\"en-US\"}]}<\/script>\n<!-- \/ Yoast SEO plugin. -->","yoast_head_json":{"title":"Karl Felix Nordvall 1887 - 1933 - LarsNordvall.se","robots":{"index":"index","follow":"follow","max-snippet":"max-snippet:-1","max-image-preview":"max-image-preview:large","max-video-preview":"max-video-preview:-1"},"canonical":"https:\/\/larsnordvall.se\/en\/karl-felix-nordvall-1887-1933\/","og_locale":"en_US","og_type":"article","og_title":"Karl Felix Nordvall 1887 - 1933 - LarsNordvall.se","og_url":"https:\/\/larsnordvall.se\/en\/karl-felix-nordvall-1887-1933\/","og_site_name":"LarsNordvall.se","article_modified_time":"2025-10-02T14:04:00+00:00","og_image":[{"width":1000,"height":30,"url":"https:\/\/media.larsnordvall.se\/2025\/10\/linje1000.gif","type":"image\/gif"}],"twitter_card":"summary_large_image","twitter_misc":{"Est. reading time":"3 minutes"},"schema":{"@context":"https:\/\/schema.org","@graph":[{"@type":"WebPage","@id":"https:\/\/larsnordvall.se\/karl-felix-nordvall-1887-1933\/","url":"https:\/\/larsnordvall.se\/karl-felix-nordvall-1887-1933\/","name":"Karl Felix Nordvall 1887 - 1933 - LarsNordvall.se","isPartOf":{"@id":"https:\/\/larsnordvall.se\/#website"},"primaryImageOfPage":{"@id":"https:\/\/larsnordvall.se\/karl-felix-nordvall-1887-1933\/#primaryimage"},"image":{"@id":"https:\/\/larsnordvall.se\/karl-felix-nordvall-1887-1933\/#primaryimage"},"thumbnailUrl":"http:\/\/media.larsnordvall.se\/2025\/10\/linje1000.gif","datePublished":"2025-10-01T23:54:13+00:00","dateModified":"2025-10-02T14:04:00+00:00","breadcrumb":{"@id":"https:\/\/larsnordvall.se\/karl-felix-nordvall-1887-1933\/#breadcrumb"},"inLanguage":"en-US","potentialAction":[{"@type":"ReadAction","target":["https:\/\/larsnordvall.se\/karl-felix-nordvall-1887-1933\/"]}]},{"@type":"ImageObject","inLanguage":"en-US","@id":"https:\/\/larsnordvall.se\/karl-felix-nordvall-1887-1933\/#primaryimage","url":"http:\/\/media.larsnordvall.se\/2025\/10\/linje1000.gif","contentUrl":"http:\/\/media.larsnordvall.se\/2025\/10\/linje1000.gif"},{"@type":"BreadcrumbList","@id":"https:\/\/larsnordvall.se\/karl-felix-nordvall-1887-1933\/#breadcrumb","itemListElement":[{"@type":"ListItem","position":1,"name":"Hem","item":"https:\/\/larsnordvall.se\/"},{"@type":"ListItem","position":2,"name":"Karl Felix Nordvall 1887 &#8211; 1933"}]},{"@type":"WebSite","@id":"https:\/\/larsnordvall.se\/#website","url":"https:\/\/larsnordvall.se\/","name":"LarsNordvall.se","description":"Ett Vingslag Tillbaka i Tiden!","potentialAction":[{"@type":"SearchAction","target":{"@type":"EntryPoint","urlTemplate":"https:\/\/larsnordvall.se\/?s={search_term_string}"},"query-input":{"@type":"PropertyValueSpecification","valueRequired":true,"valueName":"search_term_string"}}],"inLanguage":"en-US"}]}},"uagb_featured_image_src":{"full":false,"thumbnail":false,"medium":false,"medium_large":false,"large":false,"1536x1536":false,"2048x2048":false,"trp-custom-language-flag":false,"widget":false,"square":false,"featured":false,"featured_large":false,"extra_large":false,"portfolio":false,"portfolio_small":false,"gallery":false,"magazine":false,"masonry":false,"entry_with_sidebar":false,"entry_without_sidebar":false},"uagb_author_info":{"display_name":"larsnordvall.se","author_link":"https:\/\/larsnordvall.se\/en\/author\/larsnordvall-se\/"},"uagb_comment_info":0,"uagb_excerpt":null,"_links":{"self":[{"href":"https:\/\/larsnordvall.se\/en\/wp-json\/wp\/v2\/pages\/4925","targetHints":{"allow":["GET"]}}],"collection":[{"href":"https:\/\/larsnordvall.se\/en\/wp-json\/wp\/v2\/pages"}],"about":[{"href":"https:\/\/larsnordvall.se\/en\/wp-json\/wp\/v2\/types\/page"}],"author":[{"embeddable":true,"href":"https:\/\/larsnordvall.se\/en\/wp-json\/wp\/v2\/users\/1"}],"replies":[{"embeddable":true,"href":"https:\/\/larsnordvall.se\/en\/wp-json\/wp\/v2\/comments?post=4925"}],"version-history":[{"count":6,"href":"https:\/\/larsnordvall.se\/en\/wp-json\/wp\/v2\/pages\/4925\/revisions"}],"predecessor-version":[{"id":4938,"href":"https:\/\/larsnordvall.se\/en\/wp-json\/wp\/v2\/pages\/4925\/revisions\/4938"}],"wp:attachment":[{"href":"https:\/\/larsnordvall.se\/en\/wp-json\/wp\/v2\/media?parent=4925"}],"curies":[{"name":"wp","href":"https:\/\/api.w.org\/{rel}","templated":true}]}}