{"id":64,"date":"2020-10-26T21:11:16","date_gmt":"2020-10-26T21:11:16","guid":{"rendered":"https:\/\/larsnordvall.se\/?page_id=64"},"modified":"2025-10-02T19:54:28","modified_gmt":"2025-10-02T19:54:28","slug":"fritz-annie-nordvall","status":"publish","type":"page","link":"https:\/\/larsnordvall.se\/en\/fritz-annie-nordvall\/","title":{"rendered":"Fritz &#038; Annie Nordvall"},"content":{"rendered":"<div class=\"flex_column av_one_full  flex_column_div av-zero-column-padding first  avia-builder-el-0  avia-builder-el-no-sibling\" style='border-radius:0px; '><section class=\"av_textblock_section\"  itemscope=\"itemscope\" itemtype=\"https:\/\/schema.org\/CreativeWork\" ><div class='avia_textblock'   itemprop=\"text\" ><p><img loading=\"lazy\" decoding=\"async\" class=\"alignnone size-full wp-image-4939\" src=\"http:\/\/media.larsnordvall.se\/2025\/10\/Annie_banners.jpg\" alt=\"\" width=\"1000\" height=\"180\" srcset=\"http:\/\/media.larsnordvall.se\/2025\/10\/Annie_banners.jpg 1000w, http:\/\/media.larsnordvall.se\/2025\/10\/Annie_banners-300x54.jpg 300w, http:\/\/media.larsnordvall.se\/2025\/10\/Annie_banners-768x138.jpg 768w, http:\/\/media.larsnordvall.se\/2025\/10\/Annie_banners-18x3.jpg 18w, http:\/\/media.larsnordvall.se\/2025\/10\/Annie_banners-705x127.jpg 705w\" sizes=\"auto, (max-width: 1000px) 100vw, 1000px\" \/><\/p>\n<h3 style=\"text-align: center;\">Tvillingarna Annie och Fritz Nordvall<\/h3>\n<p style=\"text-align: center;\"><strong>F\u00f6dda: 4 oktober, 1889<\/strong><\/p>\n<p style=\"text-align: center;\"><strong>Annie d\u00f6d: 8 januari, 1960\u00a0 \u00a071 \u00e5r<\/strong><br \/>\n<strong>Fritz d\u00f6d: 12 juli, 1957\u00a0 \u00a068 \u00e5r<\/strong><\/p>\n<p>Frittz och Annie var tvillingar, b\u00e5da var f\u00f6dda 1889-04-10 i Kasa. Fritz och Annie var Lars Magnus Nordvall och Magnus f\u00f6rsta frus Maria Kristinas barn. Annie och Fritz var helsyskon med Karl Felix Nordvall som emigrerade till Amerika 1907.<\/p>\n<p><img loading=\"lazy\" decoding=\"async\" class=\"alignnone wp-image-4941\" src=\"http:\/\/media.larsnordvall.se\/2025\/10\/Annie_red.jpg\" alt=\"\" width=\"358\" height=\"476\" srcset=\"http:\/\/media.larsnordvall.se\/2025\/10\/Annie_red.jpg 400w, http:\/\/media.larsnordvall.se\/2025\/10\/Annie_red-226x300.jpg 226w, http:\/\/media.larsnordvall.se\/2025\/10\/Annie_red-9x12.jpg 9w\" sizes=\"auto, (max-width: 358px) 100vw, 358px\" \/><br \/>\nAnnie Nordvall som ung.<\/p>\n<p>Fritz och Annie\u00a0 bodde hela livet i Grundsunda. Annie arbetade som hush\u00e5llerska vilket m\u00e5ste varit v\u00e4ldigt slitsamt arbete under alla \u00e5r. Annie f\u00f6rblev ogift. Fritz var \u00e4ven han ogift och stannade i Grundsunda och arbetade hela sitt liv till sin d\u00f6d.<\/p>\n<p><img loading=\"lazy\" decoding=\"async\" class=\"alignnone size-full wp-image-4942\" src=\"http:\/\/media.larsnordvall.se\/2025\/10\/Annie_web.jpg\" alt=\"\" width=\"300\" height=\"396\" srcset=\"http:\/\/media.larsnordvall.se\/2025\/10\/Annie_web.jpg 300w, http:\/\/media.larsnordvall.se\/2025\/10\/Annie_web-227x300.jpg 227w, http:\/\/media.larsnordvall.se\/2025\/10\/Annie_web-9x12.jpg 9w\" sizes=\"auto, (max-width: 300px) 100vw, 300px\" \/><br \/>\n<em><strong>Annie gammal.\u00a0<\/strong><\/em><\/p>\n<p><img loading=\"lazy\" decoding=\"async\" class=\"alignnone size-full wp-image-4833\" src=\"http:\/\/media.larsnordvall.se\/2025\/09\/blaklocka.gif\" alt=\"\" width=\"100\" height=\"97\" \/>Fritz dog den 12 juli, 1957\u00a0 han blev 68 \u00e5r gammal och begravdes i sl\u00e4ktgraven i Grundsunda kyrka. Annie levde i ytterligare 2,5 \u00e5r och dog den 8 januari, 1960. Annie blev 71 \u00e5r gammal.<\/p>\n<\/div><\/section><\/div>","protected":false},"excerpt":{"rendered":"","protected":false},"author":1,"featured_media":0,"parent":0,"menu_order":0,"comment_status":"closed","ping_status":"closed","template":"","meta":{"_uag_custom_page_level_css":"","wpm_timeformat":"","_wpm_styles":"","footnotes":""},"class_list":["post-64","page","type-page","status-publish","hentry"],"yoast_head":"<!-- This site is optimized with the Yoast SEO plugin v27.4 - https:\/\/yoast.com\/product\/yoast-seo-wordpress\/ -->\n<title>Fritz &amp; Annie Nordvall - LarsNordvall.se<\/title>\n<meta name=\"robots\" content=\"index, follow, max-snippet:-1, max-image-preview:large, max-video-preview:-1\" \/>\n<link rel=\"canonical\" href=\"https:\/\/larsnordvall.se\/en\/fritz-annie-nordvall\/\" \/>\n<meta property=\"og:locale\" content=\"en_US\" \/>\n<meta property=\"og:type\" content=\"article\" \/>\n<meta property=\"og:title\" content=\"Fritz &amp; Annie Nordvall - LarsNordvall.se\" \/>\n<meta property=\"og:url\" content=\"https:\/\/larsnordvall.se\/en\/fritz-annie-nordvall\/\" \/>\n<meta property=\"og:site_name\" content=\"LarsNordvall.se\" \/>\n<meta property=\"article:modified_time\" content=\"2025-10-02T19:54:28+00:00\" \/>\n<meta property=\"og:image\" content=\"https:\/\/media.larsnordvall.se\/2025\/10\/Annie_banners.jpg\" \/>\n\t<meta property=\"og:image:width\" content=\"1000\" \/>\n\t<meta property=\"og:image:height\" content=\"180\" \/>\n\t<meta property=\"og:image:type\" content=\"image\/jpeg\" \/>\n<meta name=\"twitter:card\" content=\"summary_large_image\" \/>\n<meta name=\"twitter:label1\" content=\"Est. reading time\" \/>\n\t<meta name=\"twitter:data1\" content=\"2 minutes\" \/>\n<script type=\"application\/ld+json\" class=\"yoast-schema-graph\">{\"@context\":\"https:\\\/\\\/schema.org\",\"@graph\":[{\"@type\":\"WebPage\",\"@id\":\"https:\\\/\\\/larsnordvall.se\\\/fritz-annie-nordvall\\\/\",\"url\":\"https:\\\/\\\/larsnordvall.se\\\/fritz-annie-nordvall\\\/\",\"name\":\"Fritz & Annie Nordvall - LarsNordvall.se\",\"isPartOf\":{\"@id\":\"https:\\\/\\\/larsnordvall.se\\\/#website\"},\"primaryImageOfPage\":{\"@id\":\"https:\\\/\\\/larsnordvall.se\\\/fritz-annie-nordvall\\\/#primaryimage\"},\"image\":{\"@id\":\"https:\\\/\\\/larsnordvall.se\\\/fritz-annie-nordvall\\\/#primaryimage\"},\"thumbnailUrl\":\"http:\\\/\\\/media.larsnordvall.se\\\/2025\\\/10\\\/Annie_banners.jpg\",\"datePublished\":\"2020-10-26T21:11:16+00:00\",\"dateModified\":\"2025-10-02T19:54:28+00:00\",\"breadcrumb\":{\"@id\":\"https:\\\/\\\/larsnordvall.se\\\/fritz-annie-nordvall\\\/#breadcrumb\"},\"inLanguage\":\"en-US\",\"potentialAction\":[{\"@type\":\"ReadAction\",\"target\":[\"https:\\\/\\\/larsnordvall.se\\\/fritz-annie-nordvall\\\/\"]}]},{\"@type\":\"ImageObject\",\"inLanguage\":\"en-US\",\"@id\":\"https:\\\/\\\/larsnordvall.se\\\/fritz-annie-nordvall\\\/#primaryimage\",\"url\":\"http:\\\/\\\/media.larsnordvall.se\\\/2025\\\/10\\\/Annie_banners.jpg\",\"contentUrl\":\"http:\\\/\\\/media.larsnordvall.se\\\/2025\\\/10\\\/Annie_banners.jpg\"},{\"@type\":\"BreadcrumbList\",\"@id\":\"https:\\\/\\\/larsnordvall.se\\\/fritz-annie-nordvall\\\/#breadcrumb\",\"itemListElement\":[{\"@type\":\"ListItem\",\"position\":1,\"name\":\"Hem\",\"item\":\"https:\\\/\\\/larsnordvall.se\\\/\"},{\"@type\":\"ListItem\",\"position\":2,\"name\":\"Fritz &#038; Annie Nordvall\"}]},{\"@type\":\"WebSite\",\"@id\":\"https:\\\/\\\/larsnordvall.se\\\/#website\",\"url\":\"https:\\\/\\\/larsnordvall.se\\\/\",\"name\":\"LarsNordvall.se\",\"description\":\"Ett Vingslag Tillbaka i Tiden!\",\"potentialAction\":[{\"@type\":\"SearchAction\",\"target\":{\"@type\":\"EntryPoint\",\"urlTemplate\":\"https:\\\/\\\/larsnordvall.se\\\/?s={search_term_string}\"},\"query-input\":{\"@type\":\"PropertyValueSpecification\",\"valueRequired\":true,\"valueName\":\"search_term_string\"}}],\"inLanguage\":\"en-US\"}]}<\/script>\n<!-- \/ Yoast SEO plugin. -->","yoast_head_json":{"title":"Fritz & Annie Nordvall - LarsNordvall.se","robots":{"index":"index","follow":"follow","max-snippet":"max-snippet:-1","max-image-preview":"max-image-preview:large","max-video-preview":"max-video-preview:-1"},"canonical":"https:\/\/larsnordvall.se\/en\/fritz-annie-nordvall\/","og_locale":"en_US","og_type":"article","og_title":"Fritz & Annie Nordvall - LarsNordvall.se","og_url":"https:\/\/larsnordvall.se\/en\/fritz-annie-nordvall\/","og_site_name":"LarsNordvall.se","article_modified_time":"2025-10-02T19:54:28+00:00","og_image":[{"width":1000,"height":180,"url":"https:\/\/media.larsnordvall.se\/2025\/10\/Annie_banners.jpg","type":"image\/jpeg"}],"twitter_card":"summary_large_image","twitter_misc":{"Est. reading time":"2 minutes"},"schema":{"@context":"https:\/\/schema.org","@graph":[{"@type":"WebPage","@id":"https:\/\/larsnordvall.se\/fritz-annie-nordvall\/","url":"https:\/\/larsnordvall.se\/fritz-annie-nordvall\/","name":"Fritz & Annie Nordvall - LarsNordvall.se","isPartOf":{"@id":"https:\/\/larsnordvall.se\/#website"},"primaryImageOfPage":{"@id":"https:\/\/larsnordvall.se\/fritz-annie-nordvall\/#primaryimage"},"image":{"@id":"https:\/\/larsnordvall.se\/fritz-annie-nordvall\/#primaryimage"},"thumbnailUrl":"http:\/\/media.larsnordvall.se\/2025\/10\/Annie_banners.jpg","datePublished":"2020-10-26T21:11:16+00:00","dateModified":"2025-10-02T19:54:28+00:00","breadcrumb":{"@id":"https:\/\/larsnordvall.se\/fritz-annie-nordvall\/#breadcrumb"},"inLanguage":"en-US","potentialAction":[{"@type":"ReadAction","target":["https:\/\/larsnordvall.se\/fritz-annie-nordvall\/"]}]},{"@type":"ImageObject","inLanguage":"en-US","@id":"https:\/\/larsnordvall.se\/fritz-annie-nordvall\/#primaryimage","url":"http:\/\/media.larsnordvall.se\/2025\/10\/Annie_banners.jpg","contentUrl":"http:\/\/media.larsnordvall.se\/2025\/10\/Annie_banners.jpg"},{"@type":"BreadcrumbList","@id":"https:\/\/larsnordvall.se\/fritz-annie-nordvall\/#breadcrumb","itemListElement":[{"@type":"ListItem","position":1,"name":"Hem","item":"https:\/\/larsnordvall.se\/"},{"@type":"ListItem","position":2,"name":"Fritz &#038; Annie Nordvall"}]},{"@type":"WebSite","@id":"https:\/\/larsnordvall.se\/#website","url":"https:\/\/larsnordvall.se\/","name":"LarsNordvall.se","description":"Ett Vingslag Tillbaka i Tiden!","potentialAction":[{"@type":"SearchAction","target":{"@type":"EntryPoint","urlTemplate":"https:\/\/larsnordvall.se\/?s={search_term_string}"},"query-input":{"@type":"PropertyValueSpecification","valueRequired":true,"valueName":"search_term_string"}}],"inLanguage":"en-US"}]}},"uagb_featured_image_src":{"full":false,"thumbnail":false,"medium":false,"medium_large":false,"large":false,"1536x1536":false,"2048x2048":false,"trp-custom-language-flag":false,"widget":false,"square":false,"featured":false,"featured_large":false,"extra_large":false,"portfolio":false,"portfolio_small":false,"gallery":false,"magazine":false,"masonry":false,"entry_with_sidebar":false,"entry_without_sidebar":false},"uagb_author_info":{"display_name":"larsnordvall.se","author_link":"https:\/\/larsnordvall.se\/en\/author\/larsnordvall-se\/"},"uagb_comment_info":0,"uagb_excerpt":null,"_links":{"self":[{"href":"https:\/\/larsnordvall.se\/en\/wp-json\/wp\/v2\/pages\/64","targetHints":{"allow":["GET"]}}],"collection":[{"href":"https:\/\/larsnordvall.se\/en\/wp-json\/wp\/v2\/pages"}],"about":[{"href":"https:\/\/larsnordvall.se\/en\/wp-json\/wp\/v2\/types\/page"}],"author":[{"embeddable":true,"href":"https:\/\/larsnordvall.se\/en\/wp-json\/wp\/v2\/users\/1"}],"replies":[{"embeddable":true,"href":"https:\/\/larsnordvall.se\/en\/wp-json\/wp\/v2\/comments?post=64"}],"version-history":[{"count":4,"href":"https:\/\/larsnordvall.se\/en\/wp-json\/wp\/v2\/pages\/64\/revisions"}],"predecessor-version":[{"id":4944,"href":"https:\/\/larsnordvall.se\/en\/wp-json\/wp\/v2\/pages\/64\/revisions\/4944"}],"wp:attachment":[{"href":"https:\/\/larsnordvall.se\/en\/wp-json\/wp\/v2\/media?parent=64"}],"curies":[{"name":"wp","href":"https:\/\/api.w.org\/{rel}","templated":true}]}}