{"id":98,"date":"2020-10-26T21:14:22","date_gmt":"2020-10-26T21:14:22","guid":{"rendered":"https:\/\/larsnordvall.se\/?page_id=98"},"modified":"2024-10-16T20:12:42","modified_gmt":"2024-10-16T20:12:42","slug":"henry-nordvall","status":"publish","type":"page","link":"https:\/\/larsnordvall.se\/sv_se\/henry-nordvall\/","title":{"rendered":"Henry Nordvall"},"content":{"rendered":"<div class=\"flex_column av_one_full  flex_column_div av-zero-column-padding first  avia-builder-el-0  el_before_av_one_half  avia-builder-el-first  \" style='border-radius:0px; '><section class=\"av_textblock_section \"  itemscope=\"itemscope\" itemtype=\"https:\/\/schema.org\/CreativeWork\" ><div class='avia_textblock  '   itemprop=\"text\" ><p><img loading=\"lazy\" decoding=\"async\" class=\"alignnone size-full wp-image-4669 aligncenter\" src=\"http:\/\/media.larsnordvall.se\/2024\/10\/henry_banner.jpg\" alt=\"\" width=\"1000\" height=\"180\" srcset=\"http:\/\/media.larsnordvall.se\/2024\/10\/henry_banner.jpg 1000w, http:\/\/media.larsnordvall.se\/2024\/10\/henry_banner-300x54.jpg 300w, http:\/\/media.larsnordvall.se\/2024\/10\/henry_banner-768x138.jpg 768w, http:\/\/media.larsnordvall.se\/2024\/10\/henry_banner-18x3.jpg 18w, http:\/\/media.larsnordvall.se\/2024\/10\/henry_banner-705x127.jpg 705w\" sizes=\"auto, (max-width: 1000px) 100vw, 1000px\" \/><\/p>\n<h2 style=\"text-align: center;\">Henry Nordvall<\/h2>\n<h3 style=\"text-align: center;\">F\u00f6dd: 6 januari 1927<\/h3>\n<h3 style=\"text-align: center;\">D\u00f6d: 13 januari 2008<\/h3>\n<h3 style=\"text-align: center;\">81 \u00e5r<\/h3>\n<h3 style=\"text-align: center;\"><\/h3>\n<\/div><\/section><\/div><div class=\"flex_column av_one_half  flex_column_div av-zero-column-padding first  avia-builder-el-2  el_after_av_one_full  el_before_av_one_half  column-top-margin\" style='border-radius:0px; '><section class=\"av_textblock_section \"  itemscope=\"itemscope\" itemtype=\"https:\/\/schema.org\/CreativeWork\" ><div class='avia_textblock  '   itemprop=\"text\" ><p>Bror <strong>Henry<\/strong> <strong>Nordvall<\/strong>, var Emil och Nannys f\u00f6rsta son som f\u00f6ddes i Kasa, Grundsunda den 6 januari 1927. I Kasa bodde d\u00e5 f\u00f6rutom den unga familjen Emil Nordvall \u00e4ven farmor och farfar, Karolina och Lars Magnus.<\/p>\n<p><img loading=\"lazy\" decoding=\"async\" class=\"alignnone size-full wp-image-4671\" src=\"http:\/\/media.larsnordvall.se\/2024\/10\/Emil_Nanny_Henry_edited2.jpg\" alt=\"\" width=\"400\" height=\"594\" srcset=\"http:\/\/media.larsnordvall.se\/2024\/10\/Emil_Nanny_Henry_edited2.jpg 400w, http:\/\/media.larsnordvall.se\/2024\/10\/Emil_Nanny_Henry_edited2-202x300.jpg 202w, http:\/\/media.larsnordvall.se\/2024\/10\/Emil_Nanny_Henry_edited2-8x12.jpg 8w\" sizes=\"auto, (max-width: 400px) 100vw, 400px\" \/><br \/>\n<em><strong>Henry med mamma Nanny och pappa Emil juli 1928<\/strong><\/em><\/p>\n<\/div><\/section><\/div><div class=\"flex_column av_one_half  flex_column_div av-zero-column-padding   avia-builder-el-4  el_after_av_one_half  el_before_av_one_full  column-top-margin\" style='border-radius:0px; '><section class=\"av_textblock_section \"  itemscope=\"itemscope\" itemtype=\"https:\/\/schema.org\/CreativeWork\" ><div class='avia_textblock  '   itemprop=\"text\" ><p><img loading=\"lazy\" decoding=\"async\" class=\"alignnone size-full wp-image-4672\" src=\"http:\/\/media.larsnordvall.se\/2024\/10\/henry_barn.jpg\" alt=\"\" width=\"171\" height=\"310\" srcset=\"http:\/\/media.larsnordvall.se\/2024\/10\/henry_barn.jpg 171w, http:\/\/media.larsnordvall.se\/2024\/10\/henry_barn-165x300.jpg 165w, http:\/\/media.larsnordvall.se\/2024\/10\/henry_barn-7x12.jpg 7w\" sizes=\"auto, (max-width: 171px) 100vw, 171px\" \/><br \/>\n<em><strong>Henry ca 1,5 \u00e5r p\u00e5 g\u00e5rden i Kasaviken<\/strong><\/em><\/p>\n<p>Den 22 september 1928 n\u00e4r Henry \u00a0var 1,5 \u00e5r f\u00f6ddes Henrys lillebror <a href=\"https:\/\/larsnordvall.se\/sv_se\/lars-nordvall-1928\/\">Lars.<\/a>\u00a0 \u00a0N\u00e4r Henry \u00e4r 1,5 \u00e5r f\u00f6ds hans lillebror Lars Felix den 22 september 1928. Nu blev det liv och r\u00f6relse i Kasa igen.<\/p>\n<p>N\u00e4r Henry \u00a0bara \u00e4r 6,5 \u00e5r gammal d\u00f6r mamma Nanny av lunginflammtion. Pappa Emil blir nu ensam med tv\u00e5 sm\u00e5 barn. P\u00e5 g\u00e5rden bor nu Emil med s\u00f6nerna Henry och Lars samt Emils gamla pappa Lars Magnus.<\/p>\n<p>F\u00f6r att kunna sk\u00f6ta g\u00e5rd och hush\u00e5ll anst\u00e4llde Emil hush\u00e5llerskor\/pigor som fick ta \u00f6ver mamma Nannys arbete. Pigorna hade vanligtvis precis slutat skolan och var ca 13-14 \u00e5r och ingen kunskap i matlagning eller att sk\u00f6ta ett hush\u00e5ll.\u00a0 Men den tomhet som mamma Nanny efterl\u00e4mnade kunde inte fyllas av n\u00e5gon anst\u00e4lld ung flicka\/piga.<\/p>\n<\/div><\/section><\/div><div class=\"flex_column av_one_full  flex_column_div av-zero-column-padding first  avia-builder-el-6  el_after_av_one_half  el_before_av_one_full  column-top-margin\" style='border-radius:0px; '><section class=\"av_textblock_section \"  itemscope=\"itemscope\" itemtype=\"https:\/\/schema.org\/CreativeWork\" ><div class='avia_textblock  '   itemprop=\"text\" ><p>Allting g\u00e5r fram\u00e5t och det gjorde livet upp p\u00e5 Kasa ocks\u00e5. Henry gick i samma skola som sin lillebror Lars i Fl\u00e4rke skola. Efter grundskolan arbetade Henry p\u00e5 g\u00e5rden och hj\u00e4lpte sin pappa.<\/p>\n<p>Henry gjorde lumpen p\u00e5 F21 i Lule\u00e5. Henry var d\u00e5 ca 20-21 \u00e5r. Efter milit\u00e4rtj\u00e4nstg\u00f6ringen flyttade Henry till Sundsvall och gick p\u00e5 verkstadsskolan. Han n\u00f6jde sig inte med det utan studerade till ingenj\u00f6r p\u00e5 kv\u00e4llarna.<\/p>\n<p>N\u00e4r den stora dagen nalkades f\u00f6r Ingenj\u00f6rsexamen insjuknade Henry i lunginflammation och examen fick st\u00e4llas in. Men kort d\u00e4refter tog s\u00e5 Henry sin efterl\u00e4ngtade Ingenj\u00f6rsexamen.<\/p>\n<p>Henry reste med j\u00e4mna mellanrum hem till Kasa. Och i och med det s\u00e5 tr\u00e4ffade Henry sin blivande fru Britt i Folkparken i \u00d6rnsk\u00f6ldsvik \u00e5ret var 1957. Britt arbetade p\u00e5 Storgatan i \u00d6rnsk\u00f6ldsvik p\u00e5 Televerket. Henry och britt f\u00f6rlovade sig samma \u00e5r och br\u00f6llopet stod 1959.<\/p>\n<p>F\u00f6rst bodde Henry och Britt i Sundsvall men flyttade i slutet av 60-talet till \u00d6rnsk\u00f6ldsvik.<\/p>\n<\/div><\/section><\/div><div class=\"flex_column av_one_full  flex_column_div av-zero-column-padding first  avia-builder-el-8  el_after_av_one_full  avia-builder-el-last  column-top-margin\" style='border-radius:0px; '><section class=\"av_textblock_section \"  itemscope=\"itemscope\" itemtype=\"https:\/\/schema.org\/CreativeWork\" ><div class='avia_textblock  '   itemprop=\"text\" ><p>Henry och Britt fick en son Gunnar.<\/p>\n<p><img loading=\"lazy\" decoding=\"async\" class=\"size-full wp-image-4460 alignleft\" src=\"http:\/\/media.larsnordvall.se\/2024\/10\/blaklocka.gif\" alt=\"\" width=\"100\" height=\"97\" \/><\/p>\n<p>Henry injuknade och bodde sin sista tid p\u00e5 Valla sjukhem och somnade in den 13 januari 2008.<\/p>\n<\/div><\/section><\/div><\/p>\n","protected":false},"excerpt":{"rendered":"","protected":false},"author":1,"featured_media":0,"parent":0,"menu_order":0,"comment_status":"closed","ping_status":"closed","template":"","meta":{"_uag_custom_page_level_css":"","wpm_timeformat":"","_wpm_styles":"","footnotes":""},"class_list":["post-98","page","type-page","status-publish","hentry"],"yoast_head":"<!-- This site is optimized with the Yoast SEO plugin v27.4 - https:\/\/yoast.com\/product\/yoast-seo-wordpress\/ -->\n<title>Henry Nordvall - LarsNordvall.se<\/title>\n<meta name=\"robots\" content=\"index, follow, max-snippet:-1, max-image-preview:large, max-video-preview:-1\" \/>\n<link rel=\"canonical\" href=\"https:\/\/larsnordvall.se\/sv_se\/henry-nordvall\/\" \/>\n<meta property=\"og:locale\" content=\"sv_SE\" \/>\n<meta property=\"og:type\" content=\"article\" \/>\n<meta property=\"og:title\" content=\"Henry Nordvall - LarsNordvall.se\" \/>\n<meta property=\"og:url\" content=\"https:\/\/larsnordvall.se\/sv_se\/henry-nordvall\/\" \/>\n<meta property=\"og:site_name\" content=\"LarsNordvall.se\" \/>\n<meta property=\"article:modified_time\" content=\"2024-10-16T20:12:42+00:00\" \/>\n<meta property=\"og:image\" content=\"https:\/\/media.larsnordvall.se\/2024\/10\/henry_banner.jpg\" \/>\n\t<meta property=\"og:image:width\" content=\"1000\" \/>\n\t<meta property=\"og:image:height\" content=\"180\" \/>\n\t<meta property=\"og:image:type\" content=\"image\/jpeg\" \/>\n<meta name=\"twitter:card\" content=\"summary_large_image\" \/>\n<meta name=\"twitter:label1\" content=\"Ber\u00e4knad l\u00e4stid\" \/>\n\t<meta name=\"twitter:data1\" content=\"1 minut\" \/>\n<script type=\"application\/ld+json\" class=\"yoast-schema-graph\">{\"@context\":\"https:\\\/\\\/schema.org\",\"@graph\":[{\"@type\":\"WebPage\",\"@id\":\"https:\\\/\\\/larsnordvall.se\\\/henry-nordvall\\\/\",\"url\":\"https:\\\/\\\/larsnordvall.se\\\/henry-nordvall\\\/\",\"name\":\"Henry Nordvall - LarsNordvall.se\",\"isPartOf\":{\"@id\":\"https:\\\/\\\/larsnordvall.se\\\/#website\"},\"primaryImageOfPage\":{\"@id\":\"https:\\\/\\\/larsnordvall.se\\\/henry-nordvall\\\/#primaryimage\"},\"image\":{\"@id\":\"https:\\\/\\\/larsnordvall.se\\\/henry-nordvall\\\/#primaryimage\"},\"thumbnailUrl\":\"http:\\\/\\\/media.larsnordvall.se\\\/2024\\\/10\\\/henry_banner.jpg\",\"datePublished\":\"2020-10-26T21:14:22+00:00\",\"dateModified\":\"2024-10-16T20:12:42+00:00\",\"breadcrumb\":{\"@id\":\"https:\\\/\\\/larsnordvall.se\\\/henry-nordvall\\\/#breadcrumb\"},\"inLanguage\":\"sv-SE\",\"potentialAction\":[{\"@type\":\"ReadAction\",\"target\":[\"https:\\\/\\\/larsnordvall.se\\\/henry-nordvall\\\/\"]}]},{\"@type\":\"ImageObject\",\"inLanguage\":\"sv-SE\",\"@id\":\"https:\\\/\\\/larsnordvall.se\\\/henry-nordvall\\\/#primaryimage\",\"url\":\"http:\\\/\\\/media.larsnordvall.se\\\/2024\\\/10\\\/henry_banner.jpg\",\"contentUrl\":\"http:\\\/\\\/media.larsnordvall.se\\\/2024\\\/10\\\/henry_banner.jpg\"},{\"@type\":\"BreadcrumbList\",\"@id\":\"https:\\\/\\\/larsnordvall.se\\\/henry-nordvall\\\/#breadcrumb\",\"itemListElement\":[{\"@type\":\"ListItem\",\"position\":1,\"name\":\"Hem\",\"item\":\"https:\\\/\\\/larsnordvall.se\\\/\"},{\"@type\":\"ListItem\",\"position\":2,\"name\":\"Henry Nordvall\"}]},{\"@type\":\"WebSite\",\"@id\":\"https:\\\/\\\/larsnordvall.se\\\/#website\",\"url\":\"https:\\\/\\\/larsnordvall.se\\\/\",\"name\":\"LarsNordvall.se\",\"description\":\"Ett Vingslag Tillbaka i Tiden!\",\"potentialAction\":[{\"@type\":\"SearchAction\",\"target\":{\"@type\":\"EntryPoint\",\"urlTemplate\":\"https:\\\/\\\/larsnordvall.se\\\/?s={search_term_string}\"},\"query-input\":{\"@type\":\"PropertyValueSpecification\",\"valueRequired\":true,\"valueName\":\"search_term_string\"}}],\"inLanguage\":\"sv-SE\"}]}<\/script>\n<!-- \/ Yoast SEO plugin. -->","yoast_head_json":{"title":"Henry Nordvall - LarsNordvall.se","robots":{"index":"index","follow":"follow","max-snippet":"max-snippet:-1","max-image-preview":"max-image-preview:large","max-video-preview":"max-video-preview:-1"},"canonical":"https:\/\/larsnordvall.se\/sv_se\/henry-nordvall\/","og_locale":"sv_SE","og_type":"article","og_title":"Henry Nordvall - LarsNordvall.se","og_url":"https:\/\/larsnordvall.se\/sv_se\/henry-nordvall\/","og_site_name":"LarsNordvall.se","article_modified_time":"2024-10-16T20:12:42+00:00","og_image":[{"width":1000,"height":180,"url":"https:\/\/media.larsnordvall.se\/2024\/10\/henry_banner.jpg","type":"image\/jpeg"}],"twitter_card":"summary_large_image","twitter_misc":{"Ber\u00e4knad l\u00e4stid":"1 minut"},"schema":{"@context":"https:\/\/schema.org","@graph":[{"@type":"WebPage","@id":"https:\/\/larsnordvall.se\/henry-nordvall\/","url":"https:\/\/larsnordvall.se\/henry-nordvall\/","name":"Henry Nordvall - LarsNordvall.se","isPartOf":{"@id":"https:\/\/larsnordvall.se\/#website"},"primaryImageOfPage":{"@id":"https:\/\/larsnordvall.se\/henry-nordvall\/#primaryimage"},"image":{"@id":"https:\/\/larsnordvall.se\/henry-nordvall\/#primaryimage"},"thumbnailUrl":"http:\/\/media.larsnordvall.se\/2024\/10\/henry_banner.jpg","datePublished":"2020-10-26T21:14:22+00:00","dateModified":"2024-10-16T20:12:42+00:00","breadcrumb":{"@id":"https:\/\/larsnordvall.se\/henry-nordvall\/#breadcrumb"},"inLanguage":"sv-SE","potentialAction":[{"@type":"ReadAction","target":["https:\/\/larsnordvall.se\/henry-nordvall\/"]}]},{"@type":"ImageObject","inLanguage":"sv-SE","@id":"https:\/\/larsnordvall.se\/henry-nordvall\/#primaryimage","url":"http:\/\/media.larsnordvall.se\/2024\/10\/henry_banner.jpg","contentUrl":"http:\/\/media.larsnordvall.se\/2024\/10\/henry_banner.jpg"},{"@type":"BreadcrumbList","@id":"https:\/\/larsnordvall.se\/henry-nordvall\/#breadcrumb","itemListElement":[{"@type":"ListItem","position":1,"name":"Hem","item":"https:\/\/larsnordvall.se\/"},{"@type":"ListItem","position":2,"name":"Henry Nordvall"}]},{"@type":"WebSite","@id":"https:\/\/larsnordvall.se\/#website","url":"https:\/\/larsnordvall.se\/","name":"LarsNordvall.se","description":"Ett Vingslag Tillbaka i Tiden!","potentialAction":[{"@type":"SearchAction","target":{"@type":"EntryPoint","urlTemplate":"https:\/\/larsnordvall.se\/?s={search_term_string}"},"query-input":{"@type":"PropertyValueSpecification","valueRequired":true,"valueName":"search_term_string"}}],"inLanguage":"sv-SE"}]}},"uagb_featured_image_src":{"full":false,"thumbnail":false,"medium":false,"medium_large":false,"large":false,"1536x1536":false,"2048x2048":false,"trp-custom-language-flag":false,"widget":false,"square":false,"featured":false,"featured_large":false,"extra_large":false,"portfolio":false,"portfolio_small":false,"gallery":false,"magazine":false,"masonry":false,"entry_with_sidebar":false,"entry_without_sidebar":false},"uagb_author_info":{"display_name":"larsnordvall.se","author_link":"https:\/\/larsnordvall.se\/sv_se\/author\/larsnordvall-se\/"},"uagb_comment_info":0,"uagb_excerpt":null,"_links":{"self":[{"href":"https:\/\/larsnordvall.se\/sv_se\/wp-json\/wp\/v2\/pages\/98","targetHints":{"allow":["GET"]}}],"collection":[{"href":"https:\/\/larsnordvall.se\/sv_se\/wp-json\/wp\/v2\/pages"}],"about":[{"href":"https:\/\/larsnordvall.se\/sv_se\/wp-json\/wp\/v2\/types\/page"}],"author":[{"embeddable":true,"href":"https:\/\/larsnordvall.se\/sv_se\/wp-json\/wp\/v2\/users\/1"}],"replies":[{"embeddable":true,"href":"https:\/\/larsnordvall.se\/sv_se\/wp-json\/wp\/v2\/comments?post=98"}],"version-history":[{"count":3,"href":"https:\/\/larsnordvall.se\/sv_se\/wp-json\/wp\/v2\/pages\/98\/revisions"}],"predecessor-version":[{"id":4674,"href":"https:\/\/larsnordvall.se\/sv_se\/wp-json\/wp\/v2\/pages\/98\/revisions\/4674"}],"wp:attachment":[{"href":"https:\/\/larsnordvall.se\/sv_se\/wp-json\/wp\/v2\/media?parent=98"}],"curies":[{"name":"wp","href":"https:\/\/api.w.org\/{rel}","templated":true}]}}